{"id":1043,"date":"2020-10-09T09:46:16","date_gmt":"2020-10-09T07:46:16","guid":{"rendered":"https:\/\/dynamisbtm.com\/que-hacemos\/integral-leadership-management-of-projects-and-works\/"},"modified":"2020-12-30T01:14:06","modified_gmt":"2020-12-30T00:14:06","slug":"project-management-de-hoteles-resorts-y-hospitales","status":"publish","type":"page","link":"https:\/\/dynamisbtm.com\/es\/que-hacemos\/project-management-de-hoteles-resorts-y-hospitales\/","title":{"rendered":"Project Management de Hoteles, Resorts y Hospitales"},"content":{"rendered":"\n\n\t<h1>\n\t\t\t\tQu\u00e9 hacemos (2)\n\t\t\t<\/h1>\n\t\t\t<h3>4 misiones<\/h3><h1>Project Management de Hoteles, Resorts y Hospitales<\/h1>\t\t\t\n\t\t\t\t<img decoding=\"async\" src=\"https:\/\/dynamisbtm.com\/wp-content\/uploads\/2020\/10\/023_MVC-745F.jpg\" alt=\"Reference 23 - Zanzibar\" title=\"023_MVC-745F\" itemprop=\"image\"\/>\n\t<p>Tenemos como meta proteger la inversi\u00f3n prevista por la propiedad con una rigurosa gesti\u00f3n, evaluando continuamente los riesgos potenciales y, proponiendo medidas correctoras con antelaci\u00f3n y trasparencia.<\/p>\n<p>Conseguimos minimizar las p\u00e9rdidas por errores, evitando lagunas en las diferentes fases, desde la definici\u00f3n de la idea de proyecto hasta la entrada en operaci\u00f3n del producto final.<\/p>\n<p>Contamos con un personal asociado colaborador t\u00e9cnicamente capacitado y con experiencia internacional tanto a nivel de gesti\u00f3n integral de proyectos como en la gesti\u00f3n del mantenimiento de los hoteles internacionales. Hemos gestionado proyectos en pa\u00edses como M\u00e9xico, Tanzania, Cabo Verde, Grecia, Italia, Francia, T\u00fanez, Antigua y Barbuda, Islas Maldivas, Rep\u00fablica Dominicana y Espa\u00f1a. Destacamos especialmente nuestra capacidad para adaptarnos a otras culturas en el idioma vehicular local como Ingl\u00e9s, franc\u00e9s, italiano y \u00e1rabe.<\/p>\n<p>Gestionamos los distintos agentes contratados por la propiedad, con el objetivo de optimizar los recursos.<\/p>\n<p>Conocemos los mercados de materiales y servicios de aquellos pa\u00edses con los cuales ya hemos ejecutado proyectos, as\u00ed como los tr\u00e1mites aduanales, lo que nos permite buscar las soluciones econ\u00f3micamente m\u00e1s id\u00f3neas para nuestros clientes.<\/p>\n<p>Respaldados por nuestra experiencia profesional en Libia, T\u00fanez, Tanzania y Cabo Verde, ofrecemos en la fase inicial del proyecto, todo nuestro conocimiento, aportando m\u00e1s valor, con el objetivo de ayudar a ser innovadores en estos pa\u00edses.<\/p>\n<p>Ofrecemos asistencia, desde nuestras oficinas de asociados en Praia (capital de la Rep. de Cabo Verde) y T\u00fanez, dirigidas desde nuestra sede central en Palma de Mallorca (Espa\u00f1a).<\/p>\n\t\t\t<a href=\"https:\/\/dynamisbtm.com\/what-we-do\/\" target=\"_self\" role=\"button\" rel=\"noopener\">\n\t\t\t\t\t\tBack\n\t\t\t\t\t<\/a>\n\n","protected":false},"excerpt":{"rendered":"<p>Qu\u00e9 hacemos (2) 4 misiones Project Management de Hoteles, Resorts y Hospitales Tenemos como meta proteger la inversi\u00f3n prevista por la propiedad con una rigurosa gesti\u00f3n, evaluando continuamente los riesgos potenciales y, proponiendo medidas correctoras con antelaci\u00f3n y trasparencia. Conseguimos minimizar las p\u00e9rdidas por errores, evitando lagunas en las diferentes fases, desde la definici\u00f3n de [&hellip;]<\/p>\n","protected":false},"author":1,"featured_media":0,"parent":1038,"menu_order":0,"comment_status":"closed","ping_status":"closed","template":"","meta":{"site-sidebar-layout":"no-sidebar","site-content-layout":"page-builder","ast-site-content-layout":"default","site-content-style":"default","site-sidebar-style":"default","ast-global-header-display":"","ast-banner-title-visibility":"","ast-main-header-display":"","ast-hfb-above-header-display":"","ast-hfb-below-header-display":"","ast-hfb-mobile-header-display":"","site-post-title":"disabled","ast-breadcrumbs-content":"","ast-featured-img":"disabled","footer-sml-layout":"","ast-disable-related-posts":"","theme-transparent-header-meta":"enabled","adv-header-id-meta":"","stick-header-meta":"default","header-above-stick-meta":"","header-main-stick-meta":"","header-below-stick-meta":"","astra-migrate-meta-layouts":"default","ast-page-background-enabled":"default","ast-page-background-meta":{"desktop":{"background-color":"","background-image":"","background-repeat":"repeat","background-position":"center center","background-size":"auto","background-attachment":"scroll","background-type":"","background-media":"","overlay-type":"","overlay-color":"","overlay-opacity":"","overlay-gradient":""},"tablet":{"background-color":"","background-image":"","background-repeat":"repeat","background-position":"center center","background-size":"auto","background-attachment":"scroll","background-type":"","background-media":"","overlay-type":"","overlay-color":"","overlay-opacity":"","overlay-gradient":""},"mobile":{"background-color":"","background-image":"","background-repeat":"repeat","background-position":"center center","background-size":"auto","background-attachment":"scroll","background-type":"","background-media":"","overlay-type":"","overlay-color":"","overlay-opacity":"","overlay-gradient":""}},"ast-content-background-meta":{"desktop":{"background-color":"var(--ast-global-color-5)","background-image":"","background-repeat":"repeat","background-position":"center center","background-size":"auto","background-attachment":"scroll","background-type":"","background-media":"","overlay-type":"","overlay-color":"","overlay-opacity":"","overlay-gradient":""},"tablet":{"background-color":"var(--ast-global-color-5)","background-image":"","background-repeat":"repeat","background-position":"center center","background-size":"auto","background-attachment":"scroll","background-type":"","background-media":"","overlay-type":"","overlay-color":"","overlay-opacity":"","overlay-gradient":""},"mobile":{"background-color":"var(--ast-global-color-5)","background-image":"","background-repeat":"repeat","background-position":"center center","background-size":"auto","background-attachment":"scroll","background-type":"","background-media":"","overlay-type":"","overlay-color":"","overlay-opacity":"","overlay-gradient":""}},"footnotes":""},"class_list":["post-1043","page","type-page","status-publish","hentry"],"yoast_head":"<!-- This site is optimized with the Yoast SEO plugin v27.3 - https:\/\/yoast.com\/product\/yoast-seo-wordpress\/ -->\n<title>Project Management de Hoteles, Resorts y Hospitales - Dynamis BTM<\/title>\n<meta name=\"robots\" content=\"index, follow, max-snippet:-1, max-image-preview:large, max-video-preview:-1\" \/>\n<link rel=\"canonical\" href=\"https:\/\/dynamisbtm.com\/es\/que-hacemos\/project-management-de-hoteles-resorts-y-hospitales\/\" \/>\n<meta property=\"og:locale\" content=\"es_ES\" \/>\n<meta property=\"og:type\" content=\"article\" \/>\n<meta property=\"og:title\" content=\"Project Management de Hoteles, Resorts y Hospitales - Dynamis BTM\" \/>\n<meta property=\"og:description\" content=\"Qu\u00e9 hacemos (2) 4 misiones Project Management de Hoteles, Resorts y Hospitales Tenemos como meta proteger la inversi\u00f3n prevista por la propiedad con una rigurosa gesti\u00f3n, evaluando continuamente los riesgos potenciales y, proponiendo medidas correctoras con antelaci\u00f3n y trasparencia. Conseguimos minimizar las p\u00e9rdidas por errores, evitando lagunas en las diferentes fases, desde la definici\u00f3n de [&hellip;]\" \/>\n<meta property=\"og:url\" content=\"https:\/\/dynamisbtm.com\/es\/que-hacemos\/project-management-de-hoteles-resorts-y-hospitales\/\" \/>\n<meta property=\"og:site_name\" content=\"Dynamis BTM\" \/>\n<meta property=\"article:modified_time\" content=\"2020-12-30T00:14:06+00:00\" \/>\n<meta property=\"og:image\" content=\"https:\/\/dynamisbtm.com\/wp-content\/uploads\/2020\/10\/023_MVC-745F.jpg\" \/>\n<meta name=\"twitter:card\" content=\"summary_large_image\" \/>\n<meta name=\"twitter:label1\" content=\"Tiempo de lectura\" \/>\n\t<meta name=\"twitter:data1\" content=\"1 minuto\" \/>\n<script type=\"application\/ld+json\" class=\"yoast-schema-graph\">{\"@context\":\"https:\\\/\\\/schema.org\",\"@graph\":[{\"@type\":\"WebPage\",\"@id\":\"https:\\\/\\\/dynamisbtm.com\\\/es\\\/que-hacemos\\\/project-management-de-hoteles-resorts-y-hospitales\\\/\",\"url\":\"https:\\\/\\\/dynamisbtm.com\\\/es\\\/que-hacemos\\\/project-management-de-hoteles-resorts-y-hospitales\\\/\",\"name\":\"Project Management de Hoteles, Resorts y Hospitales - Dynamis BTM\",\"isPartOf\":{\"@id\":\"https:\\\/\\\/dynamisbtm.com\\\/#website\"},\"primaryImageOfPage\":{\"@id\":\"https:\\\/\\\/dynamisbtm.com\\\/es\\\/que-hacemos\\\/project-management-de-hoteles-resorts-y-hospitales\\\/#primaryimage\"},\"image\":{\"@id\":\"https:\\\/\\\/dynamisbtm.com\\\/es\\\/que-hacemos\\\/project-management-de-hoteles-resorts-y-hospitales\\\/#primaryimage\"},\"thumbnailUrl\":\"https:\\\/\\\/dynamisbtm.com\\\/wp-content\\\/uploads\\\/2020\\\/10\\\/023_MVC-745F.jpg\",\"datePublished\":\"2020-10-09T07:46:16+00:00\",\"dateModified\":\"2020-12-30T00:14:06+00:00\",\"breadcrumb\":{\"@id\":\"https:\\\/\\\/dynamisbtm.com\\\/es\\\/que-hacemos\\\/project-management-de-hoteles-resorts-y-hospitales\\\/#breadcrumb\"},\"inLanguage\":\"es\",\"potentialAction\":[{\"@type\":\"ReadAction\",\"target\":[\"https:\\\/\\\/dynamisbtm.com\\\/es\\\/que-hacemos\\\/project-management-de-hoteles-resorts-y-hospitales\\\/\"]}]},{\"@type\":\"ImageObject\",\"inLanguage\":\"es\",\"@id\":\"https:\\\/\\\/dynamisbtm.com\\\/es\\\/que-hacemos\\\/project-management-de-hoteles-resorts-y-hospitales\\\/#primaryimage\",\"url\":\"https:\\\/\\\/dynamisbtm.com\\\/wp-content\\\/uploads\\\/2020\\\/10\\\/023_MVC-745F.jpg\",\"contentUrl\":\"https:\\\/\\\/dynamisbtm.com\\\/wp-content\\\/uploads\\\/2020\\\/10\\\/023_MVC-745F.jpg\"},{\"@type\":\"BreadcrumbList\",\"@id\":\"https:\\\/\\\/dynamisbtm.com\\\/es\\\/que-hacemos\\\/project-management-de-hoteles-resorts-y-hospitales\\\/#breadcrumb\",\"itemListElement\":[{\"@type\":\"ListItem\",\"position\":1,\"name\":\"Home\",\"item\":\"https:\\\/\\\/dynamisbtm.com\\\/es\\\/\"},{\"@type\":\"ListItem\",\"position\":2,\"name\":\"Qu\u00e9 hacemos\",\"item\":\"https:\\\/\\\/dynamisbtm.com\\\/es\\\/que-hacemos\\\/\"},{\"@type\":\"ListItem\",\"position\":3,\"name\":\"Project Management de Hoteles, Resorts y Hospitales\"}]},{\"@type\":\"WebSite\",\"@id\":\"https:\\\/\\\/dynamisbtm.com\\\/#website\",\"url\":\"https:\\\/\\\/dynamisbtm.com\\\/\",\"name\":\"Dynamis BTM\",\"description\":\"Building Technologies Management\",\"publisher\":{\"@id\":\"https:\\\/\\\/dynamisbtm.com\\\/#organization\"},\"potentialAction\":[{\"@type\":\"SearchAction\",\"target\":{\"@type\":\"EntryPoint\",\"urlTemplate\":\"https:\\\/\\\/dynamisbtm.com\\\/?s={search_term_string}\"},\"query-input\":{\"@type\":\"PropertyValueSpecification\",\"valueRequired\":true,\"valueName\":\"search_term_string\"}}],\"inLanguage\":\"es\"},{\"@type\":\"Organization\",\"@id\":\"https:\\\/\\\/dynamisbtm.com\\\/#organization\",\"name\":\"Dynamis BTM\",\"url\":\"https:\\\/\\\/dynamisbtm.com\\\/\",\"logo\":{\"@type\":\"ImageObject\",\"inLanguage\":\"es\",\"@id\":\"https:\\\/\\\/dynamisbtm.com\\\/#\\\/schema\\\/logo\\\/image\\\/\",\"url\":\"https:\\\/\\\/dynamisbtm.com\\\/wp-content\\\/uploads\\\/2020\\\/04\\\/logo-dynamis3NB.png\",\"contentUrl\":\"https:\\\/\\\/dynamisbtm.com\\\/wp-content\\\/uploads\\\/2020\\\/04\\\/logo-dynamis3NB.png\",\"width\":294,\"height\":89,\"caption\":\"Dynamis BTM\"},\"image\":{\"@id\":\"https:\\\/\\\/dynamisbtm.com\\\/#\\\/schema\\\/logo\\\/image\\\/\"}}]}<\/script>\n<!-- \/ Yoast SEO plugin. -->","yoast_head_json":{"title":"Project Management de Hoteles, Resorts y Hospitales - Dynamis BTM","robots":{"index":"index","follow":"follow","max-snippet":"max-snippet:-1","max-image-preview":"max-image-preview:large","max-video-preview":"max-video-preview:-1"},"canonical":"https:\/\/dynamisbtm.com\/es\/que-hacemos\/project-management-de-hoteles-resorts-y-hospitales\/","og_locale":"es_ES","og_type":"article","og_title":"Project Management de Hoteles, Resorts y Hospitales - Dynamis BTM","og_description":"Qu\u00e9 hacemos (2) 4 misiones Project Management de Hoteles, Resorts y Hospitales Tenemos como meta proteger la inversi\u00f3n prevista por la propiedad con una rigurosa gesti\u00f3n, evaluando continuamente los riesgos potenciales y, proponiendo medidas correctoras con antelaci\u00f3n y trasparencia. Conseguimos minimizar las p\u00e9rdidas por errores, evitando lagunas en las diferentes fases, desde la definici\u00f3n de [&hellip;]","og_url":"https:\/\/dynamisbtm.com\/es\/que-hacemos\/project-management-de-hoteles-resorts-y-hospitales\/","og_site_name":"Dynamis BTM","article_modified_time":"2020-12-30T00:14:06+00:00","og_image":[{"url":"https:\/\/dynamisbtm.com\/wp-content\/uploads\/2020\/10\/023_MVC-745F.jpg","type":"","width":"","height":""}],"twitter_card":"summary_large_image","twitter_misc":{"Tiempo de lectura":"1 minuto"},"schema":{"@context":"https:\/\/schema.org","@graph":[{"@type":"WebPage","@id":"https:\/\/dynamisbtm.com\/es\/que-hacemos\/project-management-de-hoteles-resorts-y-hospitales\/","url":"https:\/\/dynamisbtm.com\/es\/que-hacemos\/project-management-de-hoteles-resorts-y-hospitales\/","name":"Project Management de Hoteles, Resorts y Hospitales - Dynamis BTM","isPartOf":{"@id":"https:\/\/dynamisbtm.com\/#website"},"primaryImageOfPage":{"@id":"https:\/\/dynamisbtm.com\/es\/que-hacemos\/project-management-de-hoteles-resorts-y-hospitales\/#primaryimage"},"image":{"@id":"https:\/\/dynamisbtm.com\/es\/que-hacemos\/project-management-de-hoteles-resorts-y-hospitales\/#primaryimage"},"thumbnailUrl":"https:\/\/dynamisbtm.com\/wp-content\/uploads\/2020\/10\/023_MVC-745F.jpg","datePublished":"2020-10-09T07:46:16+00:00","dateModified":"2020-12-30T00:14:06+00:00","breadcrumb":{"@id":"https:\/\/dynamisbtm.com\/es\/que-hacemos\/project-management-de-hoteles-resorts-y-hospitales\/#breadcrumb"},"inLanguage":"es","potentialAction":[{"@type":"ReadAction","target":["https:\/\/dynamisbtm.com\/es\/que-hacemos\/project-management-de-hoteles-resorts-y-hospitales\/"]}]},{"@type":"ImageObject","inLanguage":"es","@id":"https:\/\/dynamisbtm.com\/es\/que-hacemos\/project-management-de-hoteles-resorts-y-hospitales\/#primaryimage","url":"https:\/\/dynamisbtm.com\/wp-content\/uploads\/2020\/10\/023_MVC-745F.jpg","contentUrl":"https:\/\/dynamisbtm.com\/wp-content\/uploads\/2020\/10\/023_MVC-745F.jpg"},{"@type":"BreadcrumbList","@id":"https:\/\/dynamisbtm.com\/es\/que-hacemos\/project-management-de-hoteles-resorts-y-hospitales\/#breadcrumb","itemListElement":[{"@type":"ListItem","position":1,"name":"Home","item":"https:\/\/dynamisbtm.com\/es\/"},{"@type":"ListItem","position":2,"name":"Qu\u00e9 hacemos","item":"https:\/\/dynamisbtm.com\/es\/que-hacemos\/"},{"@type":"ListItem","position":3,"name":"Project Management de Hoteles, Resorts y Hospitales"}]},{"@type":"WebSite","@id":"https:\/\/dynamisbtm.com\/#website","url":"https:\/\/dynamisbtm.com\/","name":"Dynamis BTM","description":"Building Technologies Management","publisher":{"@id":"https:\/\/dynamisbtm.com\/#organization"},"potentialAction":[{"@type":"SearchAction","target":{"@type":"EntryPoint","urlTemplate":"https:\/\/dynamisbtm.com\/?s={search_term_string}"},"query-input":{"@type":"PropertyValueSpecification","valueRequired":true,"valueName":"search_term_string"}}],"inLanguage":"es"},{"@type":"Organization","@id":"https:\/\/dynamisbtm.com\/#organization","name":"Dynamis BTM","url":"https:\/\/dynamisbtm.com\/","logo":{"@type":"ImageObject","inLanguage":"es","@id":"https:\/\/dynamisbtm.com\/#\/schema\/logo\/image\/","url":"https:\/\/dynamisbtm.com\/wp-content\/uploads\/2020\/04\/logo-dynamis3NB.png","contentUrl":"https:\/\/dynamisbtm.com\/wp-content\/uploads\/2020\/04\/logo-dynamis3NB.png","width":294,"height":89,"caption":"Dynamis BTM"},"image":{"@id":"https:\/\/dynamisbtm.com\/#\/schema\/logo\/image\/"}}]}},"_links":{"self":[{"href":"https:\/\/dynamisbtm.com\/es\/wp-json\/wp\/v2\/pages\/1043","targetHints":{"allow":["GET"]}}],"collection":[{"href":"https:\/\/dynamisbtm.com\/es\/wp-json\/wp\/v2\/pages"}],"about":[{"href":"https:\/\/dynamisbtm.com\/es\/wp-json\/wp\/v2\/types\/page"}],"author":[{"embeddable":true,"href":"https:\/\/dynamisbtm.com\/es\/wp-json\/wp\/v2\/users\/1"}],"replies":[{"embeddable":true,"href":"https:\/\/dynamisbtm.com\/es\/wp-json\/wp\/v2\/comments?post=1043"}],"version-history":[{"count":5,"href":"https:\/\/dynamisbtm.com\/es\/wp-json\/wp\/v2\/pages\/1043\/revisions"}],"predecessor-version":[{"id":1204,"href":"https:\/\/dynamisbtm.com\/es\/wp-json\/wp\/v2\/pages\/1043\/revisions\/1204"}],"up":[{"embeddable":true,"href":"https:\/\/dynamisbtm.com\/es\/wp-json\/wp\/v2\/pages\/1038"}],"wp:attachment":[{"href":"https:\/\/dynamisbtm.com\/es\/wp-json\/wp\/v2\/media?parent=1043"}],"curies":[{"name":"wp","href":"https:\/\/api.w.org\/{rel}","templated":true}]}}