{"id":1077,"date":"2019-02-19T17:16:48","date_gmt":"2019-02-19T17:16:48","guid":{"rendered":"https:\/\/dynamisbtm.com\/home\/"},"modified":"2020-12-30T00:47:44","modified_gmt":"2020-12-29T23:47:44","slug":"home","status":"publish","type":"page","link":"https:\/\/dynamisbtm.com\/fr\/","title":{"rendered":"Accueil"},"content":{"rendered":"\n\n\t<h1>\n\t\t\t\tProt\u00e8ge et G\u00e8re Propri\u00e9t\u00e9s H\u00f4teliers\n\t\t\t<\/h1>\n\t<p>Une \u00e9quipe d&rsquo;ing\u00e9nieurs au service de vos actifs.<\/p>\n\t\t\t<a href=\"https:\/\/dynamisbtm.com\/fr\/que-faisons-nous\/\" target=\"_self\" role=\"button\" rel=\"noopener\">\n\t\t\t\t\t\t\tQue faisons-nous\n\t\t<\/a>\n\t\t\t<h3>Nous<\/h3><h2>Partout dans le monde<\/h2>\t\t\t\n\t<h3>\n\t\t\t\tZanzibar\n\t\t\t<\/h3>\n\t<h3>\n\t\t\t\tRep. Dominicana\n\t\t\t<\/h3>\n\t<h3>\n\t\t\t\tSardegna\n\t\t\t<\/h3>\n\t<h3>\n\t\t\t\tTunisia\n\t\t\t<\/h3>\n\t\t\t<h3>quelques mots<\/h3><h2>Bienvenu<\/h2>\t\t\t\n\t\t\t\t<p>Le Cabinet DynamisBTM est \u00e0 votre service pour offrir des solutions de <strong>Conseil Technique<\/strong> aux entreprises et, pour vous aider \u00e0 prendre des d\u00e9cisions au cours de <strong>projets h\u00f4teliers de d\u00e9veloppement International, Resorts, h\u00f4pitaux et d\u00e9veloppements r\u00e9sidentiels<\/strong>.<\/p>\n<p>Depuis des ann\u00e9es nous offrons des services de Gestion Int\u00e9grale de Projets H\u00f4teliers ainsi que de Consultants dans la Gestion d&rsquo;h\u00f4tels et resorts et ce, sur plusieurs continents. Nous g\u00e9rons toutes les phases de l&rsquo;investissement jusqu&rsquo;\u00e0 la mise en marche du produit.<\/p>\n\t\t\t<a href=\"https:\/\/dynamisbtm.com\/fr\/references\/\" target=\"_self\" role=\"button\" rel=\"noopener\">\n\t\t\t\t\t\t\tView Our Works\n\t\t<\/a>\n\t\t\t<h3>Our Customers Love Us\u200b<\/h3><h2>Latest Reviews\u200b<\/h2>\t\t\t\n\t<p>\u00ab\u00a0Aenean sollicitudin, quis auctor, nisi elit consequat ipsum, nec sagittis sem nibh id elit. Duis sed odio.\u00a0\u00bb<\/p>\n\t\t\t\t<img decoding=\"async\" src=\"https:\/\/dynamisbtm.com\/wp-content\/uploads\/2019\/06\/5stars-free-img.png\" alt=\"5stars-free-img\" title=\"5stars-free-img\" itemprop=\"image\"\/>\n\t<h3>\n\t\t\t\tLauren Munoz\u200b\n\t\t\t<\/h3>\n\t<p>\u00ab\u00a0Proin gravida nibh vel velit auctor aliquet. Aenean sollicitudin, lorem quis auctor, nisi elit consequat ipsum, nec sagittis sem nibh id elit. Duis sed odio amet nibh cursus a sit amet mauris.\u00a0\u00bb<\/p>\n\t\t\t\t<img decoding=\"async\" src=\"https:\/\/dynamisbtm.com\/wp-content\/uploads\/2019\/06\/4-5stars-free-img.png\" alt=\"4-5stars-free-img\" title=\"4-5stars-free-img\" itemprop=\"image\"\/>\n\t<h3>\n\t\t\t\tRonald Snyder\u200b\n\t\t\t<\/h3>\n\t<p>\u00ab\u00a0Proin gravida nibh vel velit auctor aliquet. Aenean sollicitudin, lorem quis auctor, nisi elit consequat ipsum, nec sagittis sem nibh id elit. Duis sed odio amet nibh cursus a sit amet mauris.\u00a0\u00bb<\/p>\n\t\t\t\t<img decoding=\"async\" src=\"https:\/\/dynamisbtm.com\/wp-content\/uploads\/2019\/06\/4-5stars-free-img.png\" alt=\"4-5stars-free-img\" title=\"4-5stars-free-img\" itemprop=\"image\"\/>\n\t<h3>\n\t\t\t\tJessica Hawkins\u200b\n\t\t\t<\/h3>\n\t<p>\u00ab\u00a0Aenean sollicitudin, quis auctor, nisi elit consequat ipsum, nec sagittis sem nibh id elit. Duis sed odio.\u00a0\u00bb<\/p>\n\t\t\t\t<img decoding=\"async\" src=\"https:\/\/dynamisbtm.com\/wp-content\/uploads\/2019\/06\/5stars-free-img.png\" alt=\"5stars-free-img\" title=\"5stars-free-img\" itemprop=\"image\"\/>\n\t<h3>\n\t\t\t\tSean West\u200b\n\t\t\t<\/h3>\n\t\t\t<h3>A Few Words\u200b<\/h3><h2>About Us\u200b<\/h2>\t\t\t\n\t\t\t\t<p>Proin gravida nibh vel velit auctor aliquet. Aenean sollicitudin, lorem quis bibendum auctor, nisi elit consequat ipsum, nec sagittis sem nibh id elit. Duis sed odio sit amet nibh vulputate cursus a sit amet mauris. Morbi accumsan ipsum velit. Nam nec tellus a odio tincidunt auctor a ornare odio.<\/p>\n\t\t\t<a href=\"\" target=\"_self\" role=\"button\" rel=\"noopener\">\n\t\t\t\t\t\t\tView All Tours\n\t\t<\/a>\n\t<h3>\n\t\t\t\tFrance\n\t\t\t<\/h3>\n\t<h4>\n\t\t\t\tAmazing Eiffel Tower\u200b\n\t\t\t<\/h4>\n\t\t<p>$ 1250.00<\/p>\t\n\t<h3>\n\t\t\t\tSwitzerland\n\t\t\t<\/h3>\n\t<h4>\n\t\t\t\tFaithful Swiss Alps\u200b\n\t\t\t<\/h4>\n\t\t<p>$ 2345.00<\/p>\t\n\t<h3>\n\t\t\t\tSpain\u200b\n\t\t\t<\/h3>\n\t<h4>\n\t\t\t\tElegant Madrid\u200b\n\t\t\t<\/h4>\n\t\t<p>$ 1425.00<\/p>\t\n\t<h3>\n\t\t\t\tBrazil\n\t\t\t<\/h3>\n\t<h4>\n\t\t\t\tRio de Janeiro\u200b\n\t\t\t<\/h4>\n\t\t<p>$ 2150.00<\/p>\t\n\t\t\t<h3>Our Travelling\u200b<\/h3><h2>Partners\u200b<\/h2>\t\t\t\n\t\t\t\t<img decoding=\"async\" src=\"https:\/\/dynamisbtm.com\/wp-content\/uploads\/2019\/06\/logo02-free-img.png\" alt=\"logo02-free-img\" title=\"logo02-free-img\" itemprop=\"image\"\/>\n\t\t\t\t<img decoding=\"async\" src=\"https:\/\/dynamisbtm.com\/wp-content\/uploads\/2019\/06\/logo04-free-img.png\" alt=\"logo04-free-img\" title=\"logo04-free-img\" itemprop=\"image\"\/>\n\t\t\t\t<img decoding=\"async\" src=\"https:\/\/dynamisbtm.com\/wp-content\/uploads\/2019\/06\/logo05-free-img.png\" alt=\"logo05-free-img\" title=\"logo05-free-img\" itemprop=\"image\"\/>\n\t\t\t\t<img decoding=\"async\" src=\"https:\/\/dynamisbtm.com\/wp-content\/uploads\/2019\/06\/logo06-free-img.png\" alt=\"logo06-free-img\" title=\"logo06-free-img\" itemprop=\"image\"\/>\n\t\t\t\t<img decoding=\"async\" src=\"https:\/\/dynamisbtm.com\/wp-content\/uploads\/2019\/06\/logo07-free-img.png\" alt=\"logo07-free-img\" title=\"logo07-free-img\" itemprop=\"image\"\/>\n\t\t\n","protected":false},"excerpt":{"rendered":"<p>Prot\u00e8ge et G\u00e8re Propri\u00e9t\u00e9s H\u00f4teliers Une \u00e9quipe d&rsquo;ing\u00e9nieurs au service de vos actifs. Que faisons-nous Nous Partout dans le monde Zanzibar Rep. Dominicana Sardegna Tunisia quelques mots Bienvenu Le Cabinet DynamisBTM est \u00e0 votre service pour offrir des solutions de Conseil Technique aux entreprises et, pour vous aider \u00e0 prendre des d\u00e9cisions au cours de [&hellip;]<\/p>\n","protected":false},"author":1,"featured_media":0,"parent":0,"menu_order":0,"comment_status":"closed","ping_status":"closed","template":"","meta":{"site-sidebar-layout":"no-sidebar","site-content-layout":"page-builder","ast-site-content-layout":"default","site-content-style":"default","site-sidebar-style":"default","ast-global-header-display":"","ast-banner-title-visibility":"","ast-main-header-display":"","ast-hfb-above-header-display":"","ast-hfb-below-header-display":"","ast-hfb-mobile-header-display":"","site-post-title":"disabled","ast-breadcrumbs-content":"","ast-featured-img":"disabled","footer-sml-layout":"","ast-disable-related-posts":"","theme-transparent-header-meta":"enabled","adv-header-id-meta":"","stick-header-meta":"default","header-above-stick-meta":"","header-main-stick-meta":"","header-below-stick-meta":"","astra-migrate-meta-layouts":"default","ast-page-background-enabled":"default","ast-page-background-meta":{"desktop":{"background-color":"","background-image":"","background-repeat":"repeat","background-position":"center center","background-size":"auto","background-attachment":"scroll","background-type":"","background-media":"","overlay-type":"","overlay-color":"","overlay-opacity":"","overlay-gradient":""},"tablet":{"background-color":"","background-image":"","background-repeat":"repeat","background-position":"center center","background-size":"auto","background-attachment":"scroll","background-type":"","background-media":"","overlay-type":"","overlay-color":"","overlay-opacity":"","overlay-gradient":""},"mobile":{"background-color":"","background-image":"","background-repeat":"repeat","background-position":"center center","background-size":"auto","background-attachment":"scroll","background-type":"","background-media":"","overlay-type":"","overlay-color":"","overlay-opacity":"","overlay-gradient":""}},"ast-content-background-meta":{"desktop":{"background-color":"var(--ast-global-color-5)","background-image":"","background-repeat":"repeat","background-position":"center center","background-size":"auto","background-attachment":"scroll","background-type":"","background-media":"","overlay-type":"","overlay-color":"","overlay-opacity":"","overlay-gradient":""},"tablet":{"background-color":"var(--ast-global-color-5)","background-image":"","background-repeat":"repeat","background-position":"center center","background-size":"auto","background-attachment":"scroll","background-type":"","background-media":"","overlay-type":"","overlay-color":"","overlay-opacity":"","overlay-gradient":""},"mobile":{"background-color":"var(--ast-global-color-5)","background-image":"","background-repeat":"repeat","background-position":"center center","background-size":"auto","background-attachment":"scroll","background-type":"","background-media":"","overlay-type":"","overlay-color":"","overlay-opacity":"","overlay-gradient":""}},"footnotes":""},"class_list":["post-1077","page","type-page","status-publish","hentry"],"yoast_head":"<!-- This site is optimized with the Yoast SEO plugin v27.3 - https:\/\/yoast.com\/product\/yoast-seo-wordpress\/ -->\n<title>Accueil - Dynamis BTM<\/title>\n<meta name=\"robots\" content=\"index, follow, max-snippet:-1, max-image-preview:large, max-video-preview:-1\" \/>\n<link rel=\"canonical\" href=\"https:\/\/dynamisbtm.com\/fr\/\" \/>\n<meta property=\"og:locale\" content=\"fr_FR\" \/>\n<meta property=\"og:type\" content=\"article\" \/>\n<meta property=\"og:title\" content=\"Accueil - Dynamis BTM\" \/>\n<meta property=\"og:description\" content=\"Prot\u00e8ge et G\u00e8re Propri\u00e9t\u00e9s H\u00f4teliers Une \u00e9quipe d&rsquo;ing\u00e9nieurs au service de vos actifs. Que faisons-nous Nous Partout dans le monde Zanzibar Rep. Dominicana Sardegna Tunisia quelques mots Bienvenu Le Cabinet DynamisBTM est \u00e0 votre service pour offrir des solutions de Conseil Technique aux entreprises et, pour vous aider \u00e0 prendre des d\u00e9cisions au cours de [&hellip;]\" \/>\n<meta property=\"og:url\" content=\"https:\/\/dynamisbtm.com\/fr\/\" \/>\n<meta property=\"og:site_name\" content=\"Dynamis BTM\" \/>\n<meta property=\"article:modified_time\" content=\"2020-12-29T23:47:44+00:00\" \/>\n<meta property=\"og:image\" content=\"https:\/\/dynamisbtm.com\/wp-content\/uploads\/2019\/06\/5stars-free-img.png\" \/>\n<meta name=\"twitter:card\" content=\"summary_large_image\" \/>\n<meta name=\"twitter:label1\" content=\"Dur\u00e9e de lecture estim\u00e9e\" \/>\n\t<meta name=\"twitter:data1\" content=\"2 minutes\" \/>\n<script type=\"application\/ld+json\" class=\"yoast-schema-graph\">{\"@context\":\"https:\\\/\\\/schema.org\",\"@graph\":[{\"@type\":\"WebPage\",\"@id\":\"https:\\\/\\\/dynamisbtm.com\\\/fr\\\/\",\"url\":\"https:\\\/\\\/dynamisbtm.com\\\/fr\\\/\",\"name\":\"Accueil - Dynamis BTM\",\"isPartOf\":{\"@id\":\"https:\\\/\\\/dynamisbtm.com\\\/#website\"},\"primaryImageOfPage\":{\"@id\":\"https:\\\/\\\/dynamisbtm.com\\\/fr\\\/#primaryimage\"},\"image\":{\"@id\":\"https:\\\/\\\/dynamisbtm.com\\\/fr\\\/#primaryimage\"},\"thumbnailUrl\":\"https:\\\/\\\/dynamisbtm.com\\\/wp-content\\\/uploads\\\/2019\\\/06\\\/5stars-free-img.png\",\"datePublished\":\"2019-02-19T17:16:48+00:00\",\"dateModified\":\"2020-12-29T23:47:44+00:00\",\"breadcrumb\":{\"@id\":\"https:\\\/\\\/dynamisbtm.com\\\/fr\\\/#breadcrumb\"},\"inLanguage\":\"fr-FR\",\"potentialAction\":[{\"@type\":\"ReadAction\",\"target\":[\"https:\\\/\\\/dynamisbtm.com\\\/fr\\\/\"]}]},{\"@type\":\"ImageObject\",\"inLanguage\":\"fr-FR\",\"@id\":\"https:\\\/\\\/dynamisbtm.com\\\/fr\\\/#primaryimage\",\"url\":\"https:\\\/\\\/dynamisbtm.com\\\/wp-content\\\/uploads\\\/2019\\\/06\\\/5stars-free-img.png\",\"contentUrl\":\"https:\\\/\\\/dynamisbtm.com\\\/wp-content\\\/uploads\\\/2019\\\/06\\\/5stars-free-img.png\"},{\"@type\":\"BreadcrumbList\",\"@id\":\"https:\\\/\\\/dynamisbtm.com\\\/fr\\\/#breadcrumb\",\"itemListElement\":[{\"@type\":\"ListItem\",\"position\":1,\"name\":\"Home\",\"item\":\"https:\\\/\\\/dynamisbtm.com\\\/fr\\\/\"},{\"@type\":\"ListItem\",\"position\":2,\"name\":\"Accueil\"}]},{\"@type\":\"WebSite\",\"@id\":\"https:\\\/\\\/dynamisbtm.com\\\/#website\",\"url\":\"https:\\\/\\\/dynamisbtm.com\\\/\",\"name\":\"Dynamis BTM\",\"description\":\"Building Technologies Management\",\"publisher\":{\"@id\":\"https:\\\/\\\/dynamisbtm.com\\\/#organization\"},\"potentialAction\":[{\"@type\":\"SearchAction\",\"target\":{\"@type\":\"EntryPoint\",\"urlTemplate\":\"https:\\\/\\\/dynamisbtm.com\\\/?s={search_term_string}\"},\"query-input\":{\"@type\":\"PropertyValueSpecification\",\"valueRequired\":true,\"valueName\":\"search_term_string\"}}],\"inLanguage\":\"fr-FR\"},{\"@type\":\"Organization\",\"@id\":\"https:\\\/\\\/dynamisbtm.com\\\/#organization\",\"name\":\"Dynamis BTM\",\"url\":\"https:\\\/\\\/dynamisbtm.com\\\/\",\"logo\":{\"@type\":\"ImageObject\",\"inLanguage\":\"fr-FR\",\"@id\":\"https:\\\/\\\/dynamisbtm.com\\\/#\\\/schema\\\/logo\\\/image\\\/\",\"url\":\"https:\\\/\\\/dynamisbtm.com\\\/wp-content\\\/uploads\\\/2020\\\/04\\\/logo-dynamis3NB.png\",\"contentUrl\":\"https:\\\/\\\/dynamisbtm.com\\\/wp-content\\\/uploads\\\/2020\\\/04\\\/logo-dynamis3NB.png\",\"width\":294,\"height\":89,\"caption\":\"Dynamis BTM\"},\"image\":{\"@id\":\"https:\\\/\\\/dynamisbtm.com\\\/#\\\/schema\\\/logo\\\/image\\\/\"}}]}<\/script>\n<!-- \/ Yoast SEO plugin. -->","yoast_head_json":{"title":"Accueil - Dynamis BTM","robots":{"index":"index","follow":"follow","max-snippet":"max-snippet:-1","max-image-preview":"max-image-preview:large","max-video-preview":"max-video-preview:-1"},"canonical":"https:\/\/dynamisbtm.com\/fr\/","og_locale":"fr_FR","og_type":"article","og_title":"Accueil - Dynamis BTM","og_description":"Prot\u00e8ge et G\u00e8re Propri\u00e9t\u00e9s H\u00f4teliers Une \u00e9quipe d&rsquo;ing\u00e9nieurs au service de vos actifs. Que faisons-nous Nous Partout dans le monde Zanzibar Rep. Dominicana Sardegna Tunisia quelques mots Bienvenu Le Cabinet DynamisBTM est \u00e0 votre service pour offrir des solutions de Conseil Technique aux entreprises et, pour vous aider \u00e0 prendre des d\u00e9cisions au cours de [&hellip;]","og_url":"https:\/\/dynamisbtm.com\/fr\/","og_site_name":"Dynamis BTM","article_modified_time":"2020-12-29T23:47:44+00:00","og_image":[{"url":"https:\/\/dynamisbtm.com\/wp-content\/uploads\/2019\/06\/5stars-free-img.png","type":"","width":"","height":""}],"twitter_card":"summary_large_image","twitter_misc":{"Dur\u00e9e de lecture estim\u00e9e":"2 minutes"},"schema":{"@context":"https:\/\/schema.org","@graph":[{"@type":"WebPage","@id":"https:\/\/dynamisbtm.com\/fr\/","url":"https:\/\/dynamisbtm.com\/fr\/","name":"Accueil - Dynamis BTM","isPartOf":{"@id":"https:\/\/dynamisbtm.com\/#website"},"primaryImageOfPage":{"@id":"https:\/\/dynamisbtm.com\/fr\/#primaryimage"},"image":{"@id":"https:\/\/dynamisbtm.com\/fr\/#primaryimage"},"thumbnailUrl":"https:\/\/dynamisbtm.com\/wp-content\/uploads\/2019\/06\/5stars-free-img.png","datePublished":"2019-02-19T17:16:48+00:00","dateModified":"2020-12-29T23:47:44+00:00","breadcrumb":{"@id":"https:\/\/dynamisbtm.com\/fr\/#breadcrumb"},"inLanguage":"fr-FR","potentialAction":[{"@type":"ReadAction","target":["https:\/\/dynamisbtm.com\/fr\/"]}]},{"@type":"ImageObject","inLanguage":"fr-FR","@id":"https:\/\/dynamisbtm.com\/fr\/#primaryimage","url":"https:\/\/dynamisbtm.com\/wp-content\/uploads\/2019\/06\/5stars-free-img.png","contentUrl":"https:\/\/dynamisbtm.com\/wp-content\/uploads\/2019\/06\/5stars-free-img.png"},{"@type":"BreadcrumbList","@id":"https:\/\/dynamisbtm.com\/fr\/#breadcrumb","itemListElement":[{"@type":"ListItem","position":1,"name":"Home","item":"https:\/\/dynamisbtm.com\/fr\/"},{"@type":"ListItem","position":2,"name":"Accueil"}]},{"@type":"WebSite","@id":"https:\/\/dynamisbtm.com\/#website","url":"https:\/\/dynamisbtm.com\/","name":"Dynamis BTM","description":"Building Technologies Management","publisher":{"@id":"https:\/\/dynamisbtm.com\/#organization"},"potentialAction":[{"@type":"SearchAction","target":{"@type":"EntryPoint","urlTemplate":"https:\/\/dynamisbtm.com\/?s={search_term_string}"},"query-input":{"@type":"PropertyValueSpecification","valueRequired":true,"valueName":"search_term_string"}}],"inLanguage":"fr-FR"},{"@type":"Organization","@id":"https:\/\/dynamisbtm.com\/#organization","name":"Dynamis BTM","url":"https:\/\/dynamisbtm.com\/","logo":{"@type":"ImageObject","inLanguage":"fr-FR","@id":"https:\/\/dynamisbtm.com\/#\/schema\/logo\/image\/","url":"https:\/\/dynamisbtm.com\/wp-content\/uploads\/2020\/04\/logo-dynamis3NB.png","contentUrl":"https:\/\/dynamisbtm.com\/wp-content\/uploads\/2020\/04\/logo-dynamis3NB.png","width":294,"height":89,"caption":"Dynamis BTM"},"image":{"@id":"https:\/\/dynamisbtm.com\/#\/schema\/logo\/image\/"}}]}},"_links":{"self":[{"href":"https:\/\/dynamisbtm.com\/fr\/wp-json\/wp\/v2\/pages\/1077","targetHints":{"allow":["GET"]}}],"collection":[{"href":"https:\/\/dynamisbtm.com\/fr\/wp-json\/wp\/v2\/pages"}],"about":[{"href":"https:\/\/dynamisbtm.com\/fr\/wp-json\/wp\/v2\/types\/page"}],"author":[{"embeddable":true,"href":"https:\/\/dynamisbtm.com\/fr\/wp-json\/wp\/v2\/users\/1"}],"replies":[{"embeddable":true,"href":"https:\/\/dynamisbtm.com\/fr\/wp-json\/wp\/v2\/comments?post=1077"}],"version-history":[{"count":4,"href":"https:\/\/dynamisbtm.com\/fr\/wp-json\/wp\/v2\/pages\/1077\/revisions"}],"predecessor-version":[{"id":1178,"href":"https:\/\/dynamisbtm.com\/fr\/wp-json\/wp\/v2\/pages\/1077\/revisions\/1178"}],"wp:attachment":[{"href":"https:\/\/dynamisbtm.com\/fr\/wp-json\/wp\/v2\/media?parent=1077"}],"curies":[{"name":"wp","href":"https:\/\/api.w.org\/{rel}","templated":true}]}}