{"id":1087,"date":"2019-02-19T17:56:40","date_gmt":"2019-02-19T16:56:40","guid":{"rendered":"https:\/\/dynamisbtm.com\/que-hacemos\/"},"modified":"2020-12-30T01:05:56","modified_gmt":"2020-12-30T00:05:56","slug":"que-faisons-nous","status":"publish","type":"page","link":"https:\/\/dynamisbtm.com\/fr\/que-faisons-nous\/","title":{"rendered":"Que Faisons-Nous?"},"content":{"rendered":"\n\n\t<h1>\n\t\t\t\tQue Faisons-Nous?\n\t\t\t<\/h1>\n\t\t\t<h2>Que Faisons-Nous?<\/h2>\t\t\t\n\t\t\t\t<img decoding=\"async\" src=\"https:\/\/dynamisbtm.com\/wp-content\/uploads\/2020\/10\/mapa-mundi.jpg\" alt=\"mapa-mundi\" title=\"mapa-mundi\" itemprop=\"image\"\/>\n\t<p>Le Cabinet <strong>DynamisBTM<\/strong> est \u00e0 votre service pour offrir des solutions de Conseil Technique aux entreprises et pour vous aider \u00e0 prendre des d\u00e9cisions au cours de <strong>projets h\u00f4teliers de d\u00e9veloppement International, Resorts, h\u00f4pitaux et d\u00e9veloppements r\u00e9sidentiels<\/strong>.<\/p>\n<p>Dynamis BTMDepuis des ann\u00e9es nous offrons des services de Gestion Int\u00e9grale de Projets H\u00f4teliers ainsi que de Consultants dans la Gestion d&rsquo;h\u00f4tels et resorts et ce, sur plusieurs continents. Nous g\u00e9rons toutes les phases de l&rsquo;investissement jusqu&rsquo;\u00e0 la mise en marche du produit.<\/p>\n<p>En profitant de notre pr\u00e9sence depuis des ann\u00e9es en Afrique, avec des bureaux en Tunisie et au Cap-Vert, nous collaborons avec des entreprises europ\u00e9ennes et africaines, afin de conseiller et de guider dans la gestion qui permet de nouveaux projets en Afrique. Nous organisons des r\u00e9unions d&rsquo;affaires avec les autorit\u00e9s locales en d\u00e9finissant un plan d&rsquo;action dans le but d&rsquo;encourager les conseils pour une future coop\u00e9ration.<\/p>\n<p>Au cours des ann\u00e9es de collaboration dans le d\u00e9veloppement de projets dans des pays comme le Mexique, la Tanzanie, le Cap-Vert, la Gr\u00e8ce, l&rsquo;Italie, la France, la Tunisie, Antigua, les \u00eeles Maldives, la R\u00e9publique dominicaine et l&rsquo;Espagne. Notre cabinet s&rsquo;est dot\u00e9 d&rsquo;une \u00e9quipe de consultants dynamiques et exp\u00e9riences.<\/p>\n<p>Nous soulignons en particulier notre pr\u00e9sence dans les diff\u00e9rents projets en Afrique pendant des ann\u00e9es : en Tunisie depuis 1997, en Tanzanie depuis 1998, au Cap-Vert depuis 1999 et en Libye depuis 2008.<\/p>\n\t<a href=\"https:\/\/dynamisbtm.com\/fr\/que-faisons-nous\/consultants-techniques-dans-le-design-dhotels-et-resorts\/\" target=\"_self\" rel=\"noopener\"><\/a>\t\t\n\t\t\t\t<img decoding=\"async\" src=\"https:\/\/dynamisbtm.com\/wp-content\/uploads\/2020\/10\/p1_piscina1_100r.png\" alt=\"p1_piscina1_100r\" title=\"p1_piscina1_100r\" itemprop=\"image\"\/>\n\t\t\t<h3>Consultants Techniques Dans le Design d&rsquo;H\u00f4tels et Resorts<\/h3>\t\t\t\n\t\t\t\t<p>Assistance au propietaire pour obtenir un produit turistique.<\/p>\n\t<a href=\"https:\/\/dynamisbtm.com\/fr\/que-faisons-nous\/assistance-technique-dans-la-construction-des-hotels-en-afrique\/\" target=\"_self\" rel=\"noopener\"><\/a>\t\t\n\t\t\t\t<img decoding=\"async\" src=\"https:\/\/dynamisbtm.com\/wp-content\/uploads\/2020\/10\/p1_pane100r.png\" alt=\"p1_pane100r\" title=\"p1_pane100r\" itemprop=\"image\"\/>\n\t\t\t<h3>Assistance Technique dans la Construction des Hotels en Afrique<\/h3>\t\t\t\n\t\t\t\t<p>Assistance pour propietaires europeans.<\/p>\n\t<a href=\"https:\/\/dynamisbtm.com\/fr\/que-faisons-nous\/project-management-dhotels-resorts-et-hospitaux\/\" target=\"_self\" rel=\"noopener\"><\/a>\t\t\n\t\t\t\t<img decoding=\"async\" src=\"https:\/\/dynamisbtm.com\/wp-content\/uploads\/2020\/10\/p1_llaves100r.png\" alt=\"p1_llaves100r\" title=\"p1_llaves100r\" itemprop=\"image\"\/>\n\t\t\t<h3>Project Management d&rsquo;H\u00f4tels, Resorts et H\u00f4spitaux<\/h3>\t\t\t\n\t\t\t\t<p>Une vaste exp\u00e9rience internationale en gestion de projets dans des pays lointains.<\/p>\n\t<a href=\"https:\/\/dynamisbtm.com\/fr\/que-faisons-nous\/conseil-dans-la-gestion-de-lentretien-dhotels-et-resorts\/\" target=\"_self\" rel=\"noopener\"><\/a>\t\t\n\t\t\t\t<img decoding=\"async\" src=\"https:\/\/dynamisbtm.com\/wp-content\/uploads\/2020\/10\/p1_campana100r.png\" alt=\"p1_campana100r\" title=\"p1_campana100r\" itemprop=\"image\"\/>\n\t\t\t<h3>Conseil dans la Gestion de l&rsquo;Entretien d&rsquo;H\u00f4tels et Resorts<\/h3>\t\t\t\n\t\t\t\t<p>Apr\u00e8s l&rsquo;ouverture, l&rsquo;entretien.<\/p>\n\n","protected":false},"excerpt":{"rendered":"<p>Que Faisons-Nous? Que Faisons-Nous? Le Cabinet DynamisBTM est \u00e0 votre service pour offrir des solutions de Conseil Technique aux entreprises et pour vous aider \u00e0 prendre des d\u00e9cisions au cours de projets h\u00f4teliers de d\u00e9veloppement International, Resorts, h\u00f4pitaux et d\u00e9veloppements r\u00e9sidentiels. Dynamis BTMDepuis des ann\u00e9es nous offrons des services de Gestion Int\u00e9grale de Projets H\u00f4teliers [&hellip;]<\/p>\n","protected":false},"author":1,"featured_media":0,"parent":0,"menu_order":0,"comment_status":"closed","ping_status":"closed","template":"","meta":{"site-sidebar-layout":"no-sidebar","site-content-layout":"page-builder","ast-site-content-layout":"default","site-content-style":"default","site-sidebar-style":"default","ast-global-header-display":"","ast-banner-title-visibility":"","ast-main-header-display":"","ast-hfb-above-header-display":"","ast-hfb-below-header-display":"","ast-hfb-mobile-header-display":"","site-post-title":"disabled","ast-breadcrumbs-content":"","ast-featured-img":"disabled","footer-sml-layout":"","ast-disable-related-posts":"","theme-transparent-header-meta":"enabled","adv-header-id-meta":"","stick-header-meta":"default","header-above-stick-meta":"","header-main-stick-meta":"","header-below-stick-meta":"","astra-migrate-meta-layouts":"default","ast-page-background-enabled":"default","ast-page-background-meta":{"desktop":{"background-color":"","background-image":"","background-repeat":"repeat","background-position":"center center","background-size":"auto","background-attachment":"scroll","background-type":"","background-media":"","overlay-type":"","overlay-color":"","overlay-opacity":"","overlay-gradient":""},"tablet":{"background-color":"","background-image":"","background-repeat":"repeat","background-position":"center center","background-size":"auto","background-attachment":"scroll","background-type":"","background-media":"","overlay-type":"","overlay-color":"","overlay-opacity":"","overlay-gradient":""},"mobile":{"background-color":"","background-image":"","background-repeat":"repeat","background-position":"center center","background-size":"auto","background-attachment":"scroll","background-type":"","background-media":"","overlay-type":"","overlay-color":"","overlay-opacity":"","overlay-gradient":""}},"ast-content-background-meta":{"desktop":{"background-color":"var(--ast-global-color-5)","background-image":"","background-repeat":"repeat","background-position":"center center","background-size":"auto","background-attachment":"scroll","background-type":"","background-media":"","overlay-type":"","overlay-color":"","overlay-opacity":"","overlay-gradient":""},"tablet":{"background-color":"var(--ast-global-color-5)","background-image":"","background-repeat":"repeat","background-position":"center center","background-size":"auto","background-attachment":"scroll","background-type":"","background-media":"","overlay-type":"","overlay-color":"","overlay-opacity":"","overlay-gradient":""},"mobile":{"background-color":"var(--ast-global-color-5)","background-image":"","background-repeat":"repeat","background-position":"center center","background-size":"auto","background-attachment":"scroll","background-type":"","background-media":"","overlay-type":"","overlay-color":"","overlay-opacity":"","overlay-gradient":""}},"footnotes":""},"class_list":["post-1087","page","type-page","status-publish","hentry"],"yoast_head":"<!-- This site is optimized with the Yoast SEO plugin v27.3 - https:\/\/yoast.com\/product\/yoast-seo-wordpress\/ -->\n<title>Que Faisons-Nous? - Dynamis BTM<\/title>\n<meta name=\"robots\" content=\"index, follow, max-snippet:-1, max-image-preview:large, max-video-preview:-1\" \/>\n<link rel=\"canonical\" href=\"https:\/\/dynamisbtm.com\/fr\/que-faisons-nous\/\" \/>\n<meta property=\"og:locale\" content=\"fr_FR\" \/>\n<meta property=\"og:type\" content=\"article\" \/>\n<meta property=\"og:title\" content=\"Que Faisons-Nous? - Dynamis BTM\" \/>\n<meta property=\"og:description\" content=\"Que Faisons-Nous? Que Faisons-Nous? Le Cabinet DynamisBTM est \u00e0 votre service pour offrir des solutions de Conseil Technique aux entreprises et pour vous aider \u00e0 prendre des d\u00e9cisions au cours de projets h\u00f4teliers de d\u00e9veloppement International, Resorts, h\u00f4pitaux et d\u00e9veloppements r\u00e9sidentiels. Dynamis BTMDepuis des ann\u00e9es nous offrons des services de Gestion Int\u00e9grale de Projets H\u00f4teliers [&hellip;]\" \/>\n<meta property=\"og:url\" content=\"https:\/\/dynamisbtm.com\/fr\/que-faisons-nous\/\" \/>\n<meta property=\"og:site_name\" content=\"Dynamis BTM\" \/>\n<meta property=\"article:modified_time\" content=\"2020-12-30T00:05:56+00:00\" \/>\n<meta property=\"og:image\" content=\"https:\/\/dynamisbtm.com\/wp-content\/uploads\/2020\/10\/mapa-mundi.jpg\" \/>\n<meta name=\"twitter:card\" content=\"summary_large_image\" \/>\n<meta name=\"twitter:label1\" content=\"Dur\u00e9e de lecture estim\u00e9e\" \/>\n\t<meta name=\"twitter:data1\" content=\"2 minutes\" \/>\n<script type=\"application\/ld+json\" class=\"yoast-schema-graph\">{\"@context\":\"https:\\\/\\\/schema.org\",\"@graph\":[{\"@type\":\"WebPage\",\"@id\":\"https:\\\/\\\/dynamisbtm.com\\\/fr\\\/que-faisons-nous\\\/\",\"url\":\"https:\\\/\\\/dynamisbtm.com\\\/fr\\\/que-faisons-nous\\\/\",\"name\":\"Que Faisons-Nous? - Dynamis BTM\",\"isPartOf\":{\"@id\":\"https:\\\/\\\/dynamisbtm.com\\\/#website\"},\"primaryImageOfPage\":{\"@id\":\"https:\\\/\\\/dynamisbtm.com\\\/fr\\\/que-faisons-nous\\\/#primaryimage\"},\"image\":{\"@id\":\"https:\\\/\\\/dynamisbtm.com\\\/fr\\\/que-faisons-nous\\\/#primaryimage\"},\"thumbnailUrl\":\"https:\\\/\\\/dynamisbtm.com\\\/wp-content\\\/uploads\\\/2020\\\/10\\\/mapa-mundi.jpg\",\"datePublished\":\"2019-02-19T16:56:40+00:00\",\"dateModified\":\"2020-12-30T00:05:56+00:00\",\"breadcrumb\":{\"@id\":\"https:\\\/\\\/dynamisbtm.com\\\/fr\\\/que-faisons-nous\\\/#breadcrumb\"},\"inLanguage\":\"fr-FR\",\"potentialAction\":[{\"@type\":\"ReadAction\",\"target\":[\"https:\\\/\\\/dynamisbtm.com\\\/fr\\\/que-faisons-nous\\\/\"]}]},{\"@type\":\"ImageObject\",\"inLanguage\":\"fr-FR\",\"@id\":\"https:\\\/\\\/dynamisbtm.com\\\/fr\\\/que-faisons-nous\\\/#primaryimage\",\"url\":\"https:\\\/\\\/dynamisbtm.com\\\/wp-content\\\/uploads\\\/2020\\\/10\\\/mapa-mundi.jpg\",\"contentUrl\":\"https:\\\/\\\/dynamisbtm.com\\\/wp-content\\\/uploads\\\/2020\\\/10\\\/mapa-mundi.jpg\"},{\"@type\":\"BreadcrumbList\",\"@id\":\"https:\\\/\\\/dynamisbtm.com\\\/fr\\\/que-faisons-nous\\\/#breadcrumb\",\"itemListElement\":[{\"@type\":\"ListItem\",\"position\":1,\"name\":\"Home\",\"item\":\"https:\\\/\\\/dynamisbtm.com\\\/fr\\\/\"},{\"@type\":\"ListItem\",\"position\":2,\"name\":\"Que Faisons-Nous?\"}]},{\"@type\":\"WebSite\",\"@id\":\"https:\\\/\\\/dynamisbtm.com\\\/#website\",\"url\":\"https:\\\/\\\/dynamisbtm.com\\\/\",\"name\":\"Dynamis BTM\",\"description\":\"Building Technologies Management\",\"publisher\":{\"@id\":\"https:\\\/\\\/dynamisbtm.com\\\/#organization\"},\"potentialAction\":[{\"@type\":\"SearchAction\",\"target\":{\"@type\":\"EntryPoint\",\"urlTemplate\":\"https:\\\/\\\/dynamisbtm.com\\\/?s={search_term_string}\"},\"query-input\":{\"@type\":\"PropertyValueSpecification\",\"valueRequired\":true,\"valueName\":\"search_term_string\"}}],\"inLanguage\":\"fr-FR\"},{\"@type\":\"Organization\",\"@id\":\"https:\\\/\\\/dynamisbtm.com\\\/#organization\",\"name\":\"Dynamis BTM\",\"url\":\"https:\\\/\\\/dynamisbtm.com\\\/\",\"logo\":{\"@type\":\"ImageObject\",\"inLanguage\":\"fr-FR\",\"@id\":\"https:\\\/\\\/dynamisbtm.com\\\/#\\\/schema\\\/logo\\\/image\\\/\",\"url\":\"https:\\\/\\\/dynamisbtm.com\\\/wp-content\\\/uploads\\\/2020\\\/04\\\/logo-dynamis3NB.png\",\"contentUrl\":\"https:\\\/\\\/dynamisbtm.com\\\/wp-content\\\/uploads\\\/2020\\\/04\\\/logo-dynamis3NB.png\",\"width\":294,\"height\":89,\"caption\":\"Dynamis BTM\"},\"image\":{\"@id\":\"https:\\\/\\\/dynamisbtm.com\\\/#\\\/schema\\\/logo\\\/image\\\/\"}}]}<\/script>\n<!-- \/ Yoast SEO plugin. -->","yoast_head_json":{"title":"Que Faisons-Nous? - Dynamis BTM","robots":{"index":"index","follow":"follow","max-snippet":"max-snippet:-1","max-image-preview":"max-image-preview:large","max-video-preview":"max-video-preview:-1"},"canonical":"https:\/\/dynamisbtm.com\/fr\/que-faisons-nous\/","og_locale":"fr_FR","og_type":"article","og_title":"Que Faisons-Nous? - Dynamis BTM","og_description":"Que Faisons-Nous? Que Faisons-Nous? Le Cabinet DynamisBTM est \u00e0 votre service pour offrir des solutions de Conseil Technique aux entreprises et pour vous aider \u00e0 prendre des d\u00e9cisions au cours de projets h\u00f4teliers de d\u00e9veloppement International, Resorts, h\u00f4pitaux et d\u00e9veloppements r\u00e9sidentiels. Dynamis BTMDepuis des ann\u00e9es nous offrons des services de Gestion Int\u00e9grale de Projets H\u00f4teliers [&hellip;]","og_url":"https:\/\/dynamisbtm.com\/fr\/que-faisons-nous\/","og_site_name":"Dynamis BTM","article_modified_time":"2020-12-30T00:05:56+00:00","og_image":[{"url":"https:\/\/dynamisbtm.com\/wp-content\/uploads\/2020\/10\/mapa-mundi.jpg","type":"","width":"","height":""}],"twitter_card":"summary_large_image","twitter_misc":{"Dur\u00e9e de lecture estim\u00e9e":"2 minutes"},"schema":{"@context":"https:\/\/schema.org","@graph":[{"@type":"WebPage","@id":"https:\/\/dynamisbtm.com\/fr\/que-faisons-nous\/","url":"https:\/\/dynamisbtm.com\/fr\/que-faisons-nous\/","name":"Que Faisons-Nous? - Dynamis BTM","isPartOf":{"@id":"https:\/\/dynamisbtm.com\/#website"},"primaryImageOfPage":{"@id":"https:\/\/dynamisbtm.com\/fr\/que-faisons-nous\/#primaryimage"},"image":{"@id":"https:\/\/dynamisbtm.com\/fr\/que-faisons-nous\/#primaryimage"},"thumbnailUrl":"https:\/\/dynamisbtm.com\/wp-content\/uploads\/2020\/10\/mapa-mundi.jpg","datePublished":"2019-02-19T16:56:40+00:00","dateModified":"2020-12-30T00:05:56+00:00","breadcrumb":{"@id":"https:\/\/dynamisbtm.com\/fr\/que-faisons-nous\/#breadcrumb"},"inLanguage":"fr-FR","potentialAction":[{"@type":"ReadAction","target":["https:\/\/dynamisbtm.com\/fr\/que-faisons-nous\/"]}]},{"@type":"ImageObject","inLanguage":"fr-FR","@id":"https:\/\/dynamisbtm.com\/fr\/que-faisons-nous\/#primaryimage","url":"https:\/\/dynamisbtm.com\/wp-content\/uploads\/2020\/10\/mapa-mundi.jpg","contentUrl":"https:\/\/dynamisbtm.com\/wp-content\/uploads\/2020\/10\/mapa-mundi.jpg"},{"@type":"BreadcrumbList","@id":"https:\/\/dynamisbtm.com\/fr\/que-faisons-nous\/#breadcrumb","itemListElement":[{"@type":"ListItem","position":1,"name":"Home","item":"https:\/\/dynamisbtm.com\/fr\/"},{"@type":"ListItem","position":2,"name":"Que Faisons-Nous?"}]},{"@type":"WebSite","@id":"https:\/\/dynamisbtm.com\/#website","url":"https:\/\/dynamisbtm.com\/","name":"Dynamis BTM","description":"Building Technologies Management","publisher":{"@id":"https:\/\/dynamisbtm.com\/#organization"},"potentialAction":[{"@type":"SearchAction","target":{"@type":"EntryPoint","urlTemplate":"https:\/\/dynamisbtm.com\/?s={search_term_string}"},"query-input":{"@type":"PropertyValueSpecification","valueRequired":true,"valueName":"search_term_string"}}],"inLanguage":"fr-FR"},{"@type":"Organization","@id":"https:\/\/dynamisbtm.com\/#organization","name":"Dynamis BTM","url":"https:\/\/dynamisbtm.com\/","logo":{"@type":"ImageObject","inLanguage":"fr-FR","@id":"https:\/\/dynamisbtm.com\/#\/schema\/logo\/image\/","url":"https:\/\/dynamisbtm.com\/wp-content\/uploads\/2020\/04\/logo-dynamis3NB.png","contentUrl":"https:\/\/dynamisbtm.com\/wp-content\/uploads\/2020\/04\/logo-dynamis3NB.png","width":294,"height":89,"caption":"Dynamis BTM"},"image":{"@id":"https:\/\/dynamisbtm.com\/#\/schema\/logo\/image\/"}}]}},"_links":{"self":[{"href":"https:\/\/dynamisbtm.com\/fr\/wp-json\/wp\/v2\/pages\/1087","targetHints":{"allow":["GET"]}}],"collection":[{"href":"https:\/\/dynamisbtm.com\/fr\/wp-json\/wp\/v2\/pages"}],"about":[{"href":"https:\/\/dynamisbtm.com\/fr\/wp-json\/wp\/v2\/types\/page"}],"author":[{"embeddable":true,"href":"https:\/\/dynamisbtm.com\/fr\/wp-json\/wp\/v2\/users\/1"}],"replies":[{"embeddable":true,"href":"https:\/\/dynamisbtm.com\/fr\/wp-json\/wp\/v2\/comments?post=1087"}],"version-history":[{"count":5,"href":"https:\/\/dynamisbtm.com\/fr\/wp-json\/wp\/v2\/pages\/1087\/revisions"}],"predecessor-version":[{"id":1194,"href":"https:\/\/dynamisbtm.com\/fr\/wp-json\/wp\/v2\/pages\/1087\/revisions\/1194"}],"wp:attachment":[{"href":"https:\/\/dynamisbtm.com\/fr\/wp-json\/wp\/v2\/media?parent=1087"}],"curies":[{"name":"wp","href":"https:\/\/api.w.org\/{rel}","templated":true}]}}