{"id":1127,"date":"2020-10-09T09:35:47","date_gmt":"2020-10-09T07:35:47","guid":{"rendered":"https:\/\/dynamisbtm.com\/que-faisons-nous\/consultoria-en-la-gestion-del-mantenimiento-de-hoteles-y-resorts\/"},"modified":"2020-12-30T01:18:08","modified_gmt":"2020-12-30T00:18:08","slug":"conseil-dans-la-gestion-de-lentretien-dhotels-et-resorts","status":"publish","type":"page","link":"https:\/\/dynamisbtm.com\/fr\/que-faisons-nous\/conseil-dans-la-gestion-de-lentretien-dhotels-et-resorts\/","title":{"rendered":"Conseil dans la Gestion de l\u2019Entretien d\u2019H\u00f4tels et Resorts"},"content":{"rendered":"\n\n\t<h1>\n\t\t\t\tQue faisons-nous (4)\n\t\t\t<\/h1>\n\t\t\t<h3>4 missions<\/h3><h1>Conseil dans la Gestion de l&rsquo;Entretien d&rsquo;H\u00f4tels et Resorts<\/h1>\t\t\t\n\t\t\t\t<img decoding=\"async\" src=\"https:\/\/dynamisbtm.com\/wp-content\/uploads\/2020\/10\/029_pooldetail.jpg\" alt=\"Reference 29 - Jerba, Tunisia\" title=\"029_pooldetail\" itemprop=\"image\"\/>\n\t<p>Nous vous conseillons afin de garantir, en fonction des ressources disponibles, le service qui permet aux clients de jouir du produit pr\u00e9alablement vendu. Pour cela, il est n\u00e9cessaire de disposer d&rsquo;un parfait \u00e9tat de conservation des b\u00e2timents, des installations et des \u00e9quipements.<\/p>\n<p>Nous \u00e9laborons et implantons des proc\u00e9dures et des m\u00e9thodes adhoc, pour assurer le fonctionnement continu de la structure, en garantissant que les pannes \u00e9ventuelles, soient r\u00e9duites au minimum techniquement pr\u00e9visible et in\u00e9vitable. Souligner la n\u00e9cessit\u00e9 d&rsquo;\u00e9viter les plaintes de clients dans les chambres, ainsi que d&rsquo;\u00e9viter les chambres non vendables.<\/p>\n<p>Nous installons et formons le personnel dans le maniement du software pour effectuer la gestion technique.<\/p>\n<p>Nous guidons la gestion des ressources humaines, leur organisation et leur structure.<\/p>\n<p>Nous apportons une assistance dans l&rsquo;\u00e9laboration des budgets de fonctionnement et nous \u00e9tablissons des proc\u00e9dures pour son suivi post\u00e9rieur pour \u00e9viter des d\u00e9rives.<\/p>\n<p>Nous \u00e9tablissons des m\u00e9thodologies pour assurer une gestion \u00e9nerg\u00e9tique correcte des b\u00e2timents en favorisant l&rsquo;efficience \u00e9nerg\u00e9tique.<\/p>\n<p>Nous pr\u00e9parons des manuels, des notices techniques, des protocoles fermeture et d&rsquo;ouverture.<\/p>\n\t\t\t<a href=\"https:\/\/dynamisbtm.com\/fr\/que-faisons-nous\/\" target=\"_self\" role=\"button\" rel=\"noopener\">\n\t\t\t\t\t\tBack\n\t\t\t\t\t<\/a>\n\n","protected":false},"excerpt":{"rendered":"<p>Que faisons-nous (4) 4 missions Conseil dans la Gestion de l&rsquo;Entretien d&rsquo;H\u00f4tels et Resorts Nous vous conseillons afin de garantir, en fonction des ressources disponibles, le service qui permet aux clients de jouir du produit pr\u00e9alablement vendu. Pour cela, il est n\u00e9cessaire de disposer d&rsquo;un parfait \u00e9tat de conservation des b\u00e2timents, des installations et des [&hellip;]<\/p>\n","protected":false},"author":1,"featured_media":0,"parent":1087,"menu_order":0,"comment_status":"closed","ping_status":"closed","template":"","meta":{"site-sidebar-layout":"no-sidebar","site-content-layout":"page-builder","ast-site-content-layout":"default","site-content-style":"default","site-sidebar-style":"default","ast-global-header-display":"","ast-banner-title-visibility":"","ast-main-header-display":"","ast-hfb-above-header-display":"","ast-hfb-below-header-display":"","ast-hfb-mobile-header-display":"","site-post-title":"disabled","ast-breadcrumbs-content":"","ast-featured-img":"disabled","footer-sml-layout":"","ast-disable-related-posts":"","theme-transparent-header-meta":"enabled","adv-header-id-meta":"","stick-header-meta":"default","header-above-stick-meta":"","header-main-stick-meta":"","header-below-stick-meta":"","astra-migrate-meta-layouts":"default","ast-page-background-enabled":"default","ast-page-background-meta":{"desktop":{"background-color":"","background-image":"","background-repeat":"repeat","background-position":"center center","background-size":"auto","background-attachment":"scroll","background-type":"","background-media":"","overlay-type":"","overlay-color":"","overlay-opacity":"","overlay-gradient":""},"tablet":{"background-color":"","background-image":"","background-repeat":"repeat","background-position":"center center","background-size":"auto","background-attachment":"scroll","background-type":"","background-media":"","overlay-type":"","overlay-color":"","overlay-opacity":"","overlay-gradient":""},"mobile":{"background-color":"","background-image":"","background-repeat":"repeat","background-position":"center center","background-size":"auto","background-attachment":"scroll","background-type":"","background-media":"","overlay-type":"","overlay-color":"","overlay-opacity":"","overlay-gradient":""}},"ast-content-background-meta":{"desktop":{"background-color":"var(--ast-global-color-5)","background-image":"","background-repeat":"repeat","background-position":"center center","background-size":"auto","background-attachment":"scroll","background-type":"","background-media":"","overlay-type":"","overlay-color":"","overlay-opacity":"","overlay-gradient":""},"tablet":{"background-color":"var(--ast-global-color-5)","background-image":"","background-repeat":"repeat","background-position":"center center","background-size":"auto","background-attachment":"scroll","background-type":"","background-media":"","overlay-type":"","overlay-color":"","overlay-opacity":"","overlay-gradient":""},"mobile":{"background-color":"var(--ast-global-color-5)","background-image":"","background-repeat":"repeat","background-position":"center center","background-size":"auto","background-attachment":"scroll","background-type":"","background-media":"","overlay-type":"","overlay-color":"","overlay-opacity":"","overlay-gradient":""}},"footnotes":""},"class_list":["post-1127","page","type-page","status-publish","hentry"],"yoast_head":"<!-- This site is optimized with the Yoast SEO plugin v27.3 - https:\/\/yoast.com\/product\/yoast-seo-wordpress\/ -->\n<title>Conseil dans la Gestion de l\u2019Entretien d\u2019H\u00f4tels et Resorts - Dynamis BTM<\/title>\n<meta name=\"robots\" content=\"index, follow, max-snippet:-1, max-image-preview:large, max-video-preview:-1\" \/>\n<link rel=\"canonical\" href=\"https:\/\/dynamisbtm.com\/fr\/que-faisons-nous\/conseil-dans-la-gestion-de-lentretien-dhotels-et-resorts\/\" \/>\n<meta property=\"og:locale\" content=\"fr_FR\" \/>\n<meta property=\"og:type\" content=\"article\" \/>\n<meta property=\"og:title\" content=\"Conseil dans la Gestion de l\u2019Entretien d\u2019H\u00f4tels et Resorts - Dynamis BTM\" \/>\n<meta property=\"og:description\" content=\"Que faisons-nous (4) 4 missions Conseil dans la Gestion de l&rsquo;Entretien d&rsquo;H\u00f4tels et Resorts Nous vous conseillons afin de garantir, en fonction des ressources disponibles, le service qui permet aux clients de jouir du produit pr\u00e9alablement vendu. Pour cela, il est n\u00e9cessaire de disposer d&rsquo;un parfait \u00e9tat de conservation des b\u00e2timents, des installations et des [&hellip;]\" \/>\n<meta property=\"og:url\" content=\"https:\/\/dynamisbtm.com\/fr\/que-faisons-nous\/conseil-dans-la-gestion-de-lentretien-dhotels-et-resorts\/\" \/>\n<meta property=\"og:site_name\" content=\"Dynamis BTM\" \/>\n<meta property=\"article:modified_time\" content=\"2020-12-30T00:18:08+00:00\" \/>\n<meta property=\"og:image\" content=\"https:\/\/dynamisbtm.com\/wp-content\/uploads\/2020\/10\/029_pooldetail.jpg\" \/>\n<meta name=\"twitter:card\" content=\"summary_large_image\" \/>\n<meta name=\"twitter:label1\" content=\"Dur\u00e9e de lecture estim\u00e9e\" \/>\n\t<meta name=\"twitter:data1\" content=\"1 minute\" \/>\n<script type=\"application\/ld+json\" class=\"yoast-schema-graph\">{\"@context\":\"https:\\\/\\\/schema.org\",\"@graph\":[{\"@type\":\"WebPage\",\"@id\":\"https:\\\/\\\/dynamisbtm.com\\\/fr\\\/que-faisons-nous\\\/conseil-dans-la-gestion-de-lentretien-dhotels-et-resorts\\\/\",\"url\":\"https:\\\/\\\/dynamisbtm.com\\\/fr\\\/que-faisons-nous\\\/conseil-dans-la-gestion-de-lentretien-dhotels-et-resorts\\\/\",\"name\":\"Conseil dans la Gestion de l\u2019Entretien d\u2019H\u00f4tels et Resorts - Dynamis BTM\",\"isPartOf\":{\"@id\":\"https:\\\/\\\/dynamisbtm.com\\\/#website\"},\"primaryImageOfPage\":{\"@id\":\"https:\\\/\\\/dynamisbtm.com\\\/fr\\\/que-faisons-nous\\\/conseil-dans-la-gestion-de-lentretien-dhotels-et-resorts\\\/#primaryimage\"},\"image\":{\"@id\":\"https:\\\/\\\/dynamisbtm.com\\\/fr\\\/que-faisons-nous\\\/conseil-dans-la-gestion-de-lentretien-dhotels-et-resorts\\\/#primaryimage\"},\"thumbnailUrl\":\"https:\\\/\\\/dynamisbtm.com\\\/wp-content\\\/uploads\\\/2020\\\/10\\\/029_pooldetail.jpg\",\"datePublished\":\"2020-10-09T07:35:47+00:00\",\"dateModified\":\"2020-12-30T00:18:08+00:00\",\"breadcrumb\":{\"@id\":\"https:\\\/\\\/dynamisbtm.com\\\/fr\\\/que-faisons-nous\\\/conseil-dans-la-gestion-de-lentretien-dhotels-et-resorts\\\/#breadcrumb\"},\"inLanguage\":\"fr-FR\",\"potentialAction\":[{\"@type\":\"ReadAction\",\"target\":[\"https:\\\/\\\/dynamisbtm.com\\\/fr\\\/que-faisons-nous\\\/conseil-dans-la-gestion-de-lentretien-dhotels-et-resorts\\\/\"]}]},{\"@type\":\"ImageObject\",\"inLanguage\":\"fr-FR\",\"@id\":\"https:\\\/\\\/dynamisbtm.com\\\/fr\\\/que-faisons-nous\\\/conseil-dans-la-gestion-de-lentretien-dhotels-et-resorts\\\/#primaryimage\",\"url\":\"https:\\\/\\\/dynamisbtm.com\\\/wp-content\\\/uploads\\\/2020\\\/10\\\/029_pooldetail.jpg\",\"contentUrl\":\"https:\\\/\\\/dynamisbtm.com\\\/wp-content\\\/uploads\\\/2020\\\/10\\\/029_pooldetail.jpg\"},{\"@type\":\"BreadcrumbList\",\"@id\":\"https:\\\/\\\/dynamisbtm.com\\\/fr\\\/que-faisons-nous\\\/conseil-dans-la-gestion-de-lentretien-dhotels-et-resorts\\\/#breadcrumb\",\"itemListElement\":[{\"@type\":\"ListItem\",\"position\":1,\"name\":\"Home\",\"item\":\"https:\\\/\\\/dynamisbtm.com\\\/fr\\\/\"},{\"@type\":\"ListItem\",\"position\":2,\"name\":\"Que Faisons-Nous?\",\"item\":\"https:\\\/\\\/dynamisbtm.com\\\/fr\\\/que-faisons-nous\\\/\"},{\"@type\":\"ListItem\",\"position\":3,\"name\":\"Conseil dans la Gestion de l\u2019Entretien d\u2019H\u00f4tels et Resorts\"}]},{\"@type\":\"WebSite\",\"@id\":\"https:\\\/\\\/dynamisbtm.com\\\/#website\",\"url\":\"https:\\\/\\\/dynamisbtm.com\\\/\",\"name\":\"Dynamis BTM\",\"description\":\"Building Technologies Management\",\"publisher\":{\"@id\":\"https:\\\/\\\/dynamisbtm.com\\\/#organization\"},\"potentialAction\":[{\"@type\":\"SearchAction\",\"target\":{\"@type\":\"EntryPoint\",\"urlTemplate\":\"https:\\\/\\\/dynamisbtm.com\\\/?s={search_term_string}\"},\"query-input\":{\"@type\":\"PropertyValueSpecification\",\"valueRequired\":true,\"valueName\":\"search_term_string\"}}],\"inLanguage\":\"fr-FR\"},{\"@type\":\"Organization\",\"@id\":\"https:\\\/\\\/dynamisbtm.com\\\/#organization\",\"name\":\"Dynamis BTM\",\"url\":\"https:\\\/\\\/dynamisbtm.com\\\/\",\"logo\":{\"@type\":\"ImageObject\",\"inLanguage\":\"fr-FR\",\"@id\":\"https:\\\/\\\/dynamisbtm.com\\\/#\\\/schema\\\/logo\\\/image\\\/\",\"url\":\"https:\\\/\\\/dynamisbtm.com\\\/wp-content\\\/uploads\\\/2020\\\/04\\\/logo-dynamis3NB.png\",\"contentUrl\":\"https:\\\/\\\/dynamisbtm.com\\\/wp-content\\\/uploads\\\/2020\\\/04\\\/logo-dynamis3NB.png\",\"width\":294,\"height\":89,\"caption\":\"Dynamis BTM\"},\"image\":{\"@id\":\"https:\\\/\\\/dynamisbtm.com\\\/#\\\/schema\\\/logo\\\/image\\\/\"}}]}<\/script>\n<!-- \/ Yoast SEO plugin. -->","yoast_head_json":{"title":"Conseil dans la Gestion de l\u2019Entretien d\u2019H\u00f4tels et Resorts - Dynamis BTM","robots":{"index":"index","follow":"follow","max-snippet":"max-snippet:-1","max-image-preview":"max-image-preview:large","max-video-preview":"max-video-preview:-1"},"canonical":"https:\/\/dynamisbtm.com\/fr\/que-faisons-nous\/conseil-dans-la-gestion-de-lentretien-dhotels-et-resorts\/","og_locale":"fr_FR","og_type":"article","og_title":"Conseil dans la Gestion de l\u2019Entretien d\u2019H\u00f4tels et Resorts - Dynamis BTM","og_description":"Que faisons-nous (4) 4 missions Conseil dans la Gestion de l&rsquo;Entretien d&rsquo;H\u00f4tels et Resorts Nous vous conseillons afin de garantir, en fonction des ressources disponibles, le service qui permet aux clients de jouir du produit pr\u00e9alablement vendu. Pour cela, il est n\u00e9cessaire de disposer d&rsquo;un parfait \u00e9tat de conservation des b\u00e2timents, des installations et des [&hellip;]","og_url":"https:\/\/dynamisbtm.com\/fr\/que-faisons-nous\/conseil-dans-la-gestion-de-lentretien-dhotels-et-resorts\/","og_site_name":"Dynamis BTM","article_modified_time":"2020-12-30T00:18:08+00:00","og_image":[{"url":"https:\/\/dynamisbtm.com\/wp-content\/uploads\/2020\/10\/029_pooldetail.jpg","type":"","width":"","height":""}],"twitter_card":"summary_large_image","twitter_misc":{"Dur\u00e9e de lecture estim\u00e9e":"1 minute"},"schema":{"@context":"https:\/\/schema.org","@graph":[{"@type":"WebPage","@id":"https:\/\/dynamisbtm.com\/fr\/que-faisons-nous\/conseil-dans-la-gestion-de-lentretien-dhotels-et-resorts\/","url":"https:\/\/dynamisbtm.com\/fr\/que-faisons-nous\/conseil-dans-la-gestion-de-lentretien-dhotels-et-resorts\/","name":"Conseil dans la Gestion de l\u2019Entretien d\u2019H\u00f4tels et Resorts - Dynamis BTM","isPartOf":{"@id":"https:\/\/dynamisbtm.com\/#website"},"primaryImageOfPage":{"@id":"https:\/\/dynamisbtm.com\/fr\/que-faisons-nous\/conseil-dans-la-gestion-de-lentretien-dhotels-et-resorts\/#primaryimage"},"image":{"@id":"https:\/\/dynamisbtm.com\/fr\/que-faisons-nous\/conseil-dans-la-gestion-de-lentretien-dhotels-et-resorts\/#primaryimage"},"thumbnailUrl":"https:\/\/dynamisbtm.com\/wp-content\/uploads\/2020\/10\/029_pooldetail.jpg","datePublished":"2020-10-09T07:35:47+00:00","dateModified":"2020-12-30T00:18:08+00:00","breadcrumb":{"@id":"https:\/\/dynamisbtm.com\/fr\/que-faisons-nous\/conseil-dans-la-gestion-de-lentretien-dhotels-et-resorts\/#breadcrumb"},"inLanguage":"fr-FR","potentialAction":[{"@type":"ReadAction","target":["https:\/\/dynamisbtm.com\/fr\/que-faisons-nous\/conseil-dans-la-gestion-de-lentretien-dhotels-et-resorts\/"]}]},{"@type":"ImageObject","inLanguage":"fr-FR","@id":"https:\/\/dynamisbtm.com\/fr\/que-faisons-nous\/conseil-dans-la-gestion-de-lentretien-dhotels-et-resorts\/#primaryimage","url":"https:\/\/dynamisbtm.com\/wp-content\/uploads\/2020\/10\/029_pooldetail.jpg","contentUrl":"https:\/\/dynamisbtm.com\/wp-content\/uploads\/2020\/10\/029_pooldetail.jpg"},{"@type":"BreadcrumbList","@id":"https:\/\/dynamisbtm.com\/fr\/que-faisons-nous\/conseil-dans-la-gestion-de-lentretien-dhotels-et-resorts\/#breadcrumb","itemListElement":[{"@type":"ListItem","position":1,"name":"Home","item":"https:\/\/dynamisbtm.com\/fr\/"},{"@type":"ListItem","position":2,"name":"Que Faisons-Nous?","item":"https:\/\/dynamisbtm.com\/fr\/que-faisons-nous\/"},{"@type":"ListItem","position":3,"name":"Conseil dans la Gestion de l\u2019Entretien d\u2019H\u00f4tels et Resorts"}]},{"@type":"WebSite","@id":"https:\/\/dynamisbtm.com\/#website","url":"https:\/\/dynamisbtm.com\/","name":"Dynamis BTM","description":"Building Technologies Management","publisher":{"@id":"https:\/\/dynamisbtm.com\/#organization"},"potentialAction":[{"@type":"SearchAction","target":{"@type":"EntryPoint","urlTemplate":"https:\/\/dynamisbtm.com\/?s={search_term_string}"},"query-input":{"@type":"PropertyValueSpecification","valueRequired":true,"valueName":"search_term_string"}}],"inLanguage":"fr-FR"},{"@type":"Organization","@id":"https:\/\/dynamisbtm.com\/#organization","name":"Dynamis BTM","url":"https:\/\/dynamisbtm.com\/","logo":{"@type":"ImageObject","inLanguage":"fr-FR","@id":"https:\/\/dynamisbtm.com\/#\/schema\/logo\/image\/","url":"https:\/\/dynamisbtm.com\/wp-content\/uploads\/2020\/04\/logo-dynamis3NB.png","contentUrl":"https:\/\/dynamisbtm.com\/wp-content\/uploads\/2020\/04\/logo-dynamis3NB.png","width":294,"height":89,"caption":"Dynamis BTM"},"image":{"@id":"https:\/\/dynamisbtm.com\/#\/schema\/logo\/image\/"}}]}},"_links":{"self":[{"href":"https:\/\/dynamisbtm.com\/fr\/wp-json\/wp\/v2\/pages\/1127","targetHints":{"allow":["GET"]}}],"collection":[{"href":"https:\/\/dynamisbtm.com\/fr\/wp-json\/wp\/v2\/pages"}],"about":[{"href":"https:\/\/dynamisbtm.com\/fr\/wp-json\/wp\/v2\/types\/page"}],"author":[{"embeddable":true,"href":"https:\/\/dynamisbtm.com\/fr\/wp-json\/wp\/v2\/users\/1"}],"replies":[{"embeddable":true,"href":"https:\/\/dynamisbtm.com\/fr\/wp-json\/wp\/v2\/comments?post=1127"}],"version-history":[{"count":4,"href":"https:\/\/dynamisbtm.com\/fr\/wp-json\/wp\/v2\/pages\/1127\/revisions"}],"predecessor-version":[{"id":1207,"href":"https:\/\/dynamisbtm.com\/fr\/wp-json\/wp\/v2\/pages\/1127\/revisions\/1207"}],"up":[{"embeddable":true,"href":"https:\/\/dynamisbtm.com\/fr\/wp-json\/wp\/v2\/pages\/1087"}],"wp:attachment":[{"href":"https:\/\/dynamisbtm.com\/fr\/wp-json\/wp\/v2\/media?parent=1127"}],"curies":[{"name":"wp","href":"https:\/\/api.w.org\/{rel}","templated":true}]}}