{"id":1131,"date":"2020-10-09T09:48:56","date_gmt":"2020-10-09T07:48:56","guid":{"rendered":"https:\/\/dynamisbtm.com\/que-faisons-nous\/consultoria-tecnica-en-el-diseno-de-hoteles-y-resorts\/"},"modified":"2020-12-30T01:29:06","modified_gmt":"2020-12-30T00:29:06","slug":"consultants-techniques-dans-le-design-dhotels-et-resorts","status":"publish","type":"page","link":"https:\/\/dynamisbtm.com\/fr\/que-faisons-nous\/consultants-techniques-dans-le-design-dhotels-et-resorts\/","title":{"rendered":"Consultants Techniques Dans le Design d\u2019H\u00f4tels et Resorts"},"content":{"rendered":"\n\n\t<h1>\n\t\t\t\tQue faisons-nous? (1)\n\t\t\t<\/h1>\n\t\t\t<h3>4 missions<\/h3><h1>Consultants Techniques Dans le Design d&rsquo;H\u00f4tels et Resorts<\/h1>\t\t\t\n\t\t\t\t<img decoding=\"async\" src=\"https:\/\/dynamisbtm.com\/wp-content\/uploads\/2020\/10\/002_ChambreZanzibar.jpg\" alt=\"Reference 02 - Zanzibar room\" title=\"002_ChambreZanzibar\" itemprop=\"image\"\/>\n\t<p><strong>Nous collaborons<\/strong> avec des investisseurs int\u00e9ress\u00e9s par le d\u00e9veloppement de Projets Internationaux d&rsquo;H\u00f4tels et Resorts, en les aidant \u00e0 d\u00e9finir un produit de valeur ajout\u00e9e maximale, tout en restant le plus \u00e9conomique possible.<\/p>\n<p><strong>Nous offrons<\/strong> des consultations techniques, afin de concevoir les espaces, les \u00e9quipements et les services r\u00e9pondant \u00e0 plusieurs objectifs:<\/p>\n\u2022 Fournir une utilisation efficace de l&rsquo;espace.<br \/>\n\u2022 R\u00e9duire au minimum les besoins du personnel employ\u00e9 par la direction.<br \/>\n\u2022 Obtenir une conception qui corresponde \u00e0 la qualit\u00e9 recherch\u00e9e.<br \/>\n\u2022 D\u00e9cider des moyens \u00e0 mettre en \u0153uvre pour am\u00e9liorer l&rsquo;utilisation des ressources \u00e9nerg\u00e9tiques.<br \/>\n\u2022 Respecter l&rsquo;environnement et le valoriser.<br \/>\n\u2022 \u00c9valuer et analyser les r\u00e8glements et les coutumes locales.<br \/>\n\u2022 Sans oublier la s\u00e9curit\u00e9 des personnes et des biens.\n<p>Cela se traduit par un meilleur \u00e9quilibre entre les co\u00fbts d&rsquo;investissement du projet et la rentabilit\u00e9 de sa gestion, tout en privil\u00e9giant la durabilit\u00e9 du bien dans le temps.<\/p>\n<p><strong>Nous formulons<\/strong> des recommandations relatives \u00e0 la cat\u00e9gorie et la taille de l&rsquo;H\u00f4tel (chambres, restaurants, espaces communs, services auxiliaires).<\/p>\n<p><strong>Une \u00e9tude<\/strong> pr\u00e9liminaire d&rsquo;architecture et d&rsquo;ing\u00e9nierie sous forme de bref rapport de sp\u00e9cifications que nous soumettons au Ma\u00eetre d&rsquo;Ouvrage, tout en privil\u00e9giant la viabilit\u00e9 \u00e9conomique du projet.<\/p>\n<p><strong>Nous fournissons<\/strong> des listes de mat\u00e9riel et les exigences de service pour tous les secteurs op\u00e9rationnels tels que l&rsquo;installation t\u00e9l\u00e9phonique, le syst\u00e8me de facturation, la r\u00e9ception, les locaux communs, l&rsquo;h\u00e9bergement, la restauration, les locaux de service.<\/p>\n\t\t\t<a href=\"https:\/\/dynamisbtm.com\/fr\/que-faisons-nous\/\" target=\"_self\" role=\"button\" rel=\"noopener\">\n\t\t\t\t\t\tBack\n\t\t\t\t\t<\/a>\n\n","protected":false},"excerpt":{"rendered":"<p>Que faisons-nous? (1) 4 missions Consultants Techniques Dans le Design d&rsquo;H\u00f4tels et Resorts Nous collaborons avec des investisseurs int\u00e9ress\u00e9s par le d\u00e9veloppement de Projets Internationaux d&rsquo;H\u00f4tels et Resorts, en les aidant \u00e0 d\u00e9finir un produit de valeur ajout\u00e9e maximale, tout en restant le plus \u00e9conomique possible. Nous offrons des consultations techniques, afin de concevoir les [&hellip;]<\/p>\n","protected":false},"author":1,"featured_media":0,"parent":1087,"menu_order":0,"comment_status":"closed","ping_status":"closed","template":"","meta":{"site-sidebar-layout":"no-sidebar","site-content-layout":"page-builder","ast-site-content-layout":"default","site-content-style":"default","site-sidebar-style":"default","ast-global-header-display":"","ast-banner-title-visibility":"","ast-main-header-display":"","ast-hfb-above-header-display":"","ast-hfb-below-header-display":"","ast-hfb-mobile-header-display":"","site-post-title":"disabled","ast-breadcrumbs-content":"","ast-featured-img":"disabled","footer-sml-layout":"","ast-disable-related-posts":"","theme-transparent-header-meta":"enabled","adv-header-id-meta":"","stick-header-meta":"default","header-above-stick-meta":"","header-main-stick-meta":"","header-below-stick-meta":"","astra-migrate-meta-layouts":"default","ast-page-background-enabled":"default","ast-page-background-meta":{"desktop":{"background-color":"","background-image":"","background-repeat":"repeat","background-position":"center center","background-size":"auto","background-attachment":"scroll","background-type":"","background-media":"","overlay-type":"","overlay-color":"","overlay-opacity":"","overlay-gradient":""},"tablet":{"background-color":"","background-image":"","background-repeat":"repeat","background-position":"center center","background-size":"auto","background-attachment":"scroll","background-type":"","background-media":"","overlay-type":"","overlay-color":"","overlay-opacity":"","overlay-gradient":""},"mobile":{"background-color":"","background-image":"","background-repeat":"repeat","background-position":"center center","background-size":"auto","background-attachment":"scroll","background-type":"","background-media":"","overlay-type":"","overlay-color":"","overlay-opacity":"","overlay-gradient":""}},"ast-content-background-meta":{"desktop":{"background-color":"var(--ast-global-color-5)","background-image":"","background-repeat":"repeat","background-position":"center center","background-size":"auto","background-attachment":"scroll","background-type":"","background-media":"","overlay-type":"","overlay-color":"","overlay-opacity":"","overlay-gradient":""},"tablet":{"background-color":"var(--ast-global-color-5)","background-image":"","background-repeat":"repeat","background-position":"center center","background-size":"auto","background-attachment":"scroll","background-type":"","background-media":"","overlay-type":"","overlay-color":"","overlay-opacity":"","overlay-gradient":""},"mobile":{"background-color":"var(--ast-global-color-5)","background-image":"","background-repeat":"repeat","background-position":"center center","background-size":"auto","background-attachment":"scroll","background-type":"","background-media":"","overlay-type":"","overlay-color":"","overlay-opacity":"","overlay-gradient":""}},"footnotes":""},"class_list":["post-1131","page","type-page","status-publish","hentry"],"yoast_head":"<!-- This site is optimized with the Yoast SEO plugin v27.3 - https:\/\/yoast.com\/product\/yoast-seo-wordpress\/ -->\n<title>Consultants Techniques Dans le Design d\u2019H\u00f4tels et Resorts - Dynamis BTM<\/title>\n<meta name=\"robots\" content=\"index, follow, max-snippet:-1, max-image-preview:large, max-video-preview:-1\" \/>\n<link rel=\"canonical\" href=\"https:\/\/dynamisbtm.com\/fr\/que-faisons-nous\/consultants-techniques-dans-le-design-dhotels-et-resorts\/\" \/>\n<meta property=\"og:locale\" content=\"fr_FR\" \/>\n<meta property=\"og:type\" content=\"article\" \/>\n<meta property=\"og:title\" content=\"Consultants Techniques Dans le Design d\u2019H\u00f4tels et Resorts - Dynamis BTM\" \/>\n<meta property=\"og:description\" content=\"Que faisons-nous? (1) 4 missions Consultants Techniques Dans le Design d&rsquo;H\u00f4tels et Resorts Nous collaborons avec des investisseurs int\u00e9ress\u00e9s par le d\u00e9veloppement de Projets Internationaux d&rsquo;H\u00f4tels et Resorts, en les aidant \u00e0 d\u00e9finir un produit de valeur ajout\u00e9e maximale, tout en restant le plus \u00e9conomique possible. Nous offrons des consultations techniques, afin de concevoir les [&hellip;]\" \/>\n<meta property=\"og:url\" content=\"https:\/\/dynamisbtm.com\/fr\/que-faisons-nous\/consultants-techniques-dans-le-design-dhotels-et-resorts\/\" \/>\n<meta property=\"og:site_name\" content=\"Dynamis BTM\" \/>\n<meta property=\"article:modified_time\" content=\"2020-12-30T00:29:06+00:00\" \/>\n<meta property=\"og:image\" content=\"https:\/\/dynamisbtm.com\/wp-content\/uploads\/2020\/10\/002_ChambreZanzibar.jpg\" \/>\n<meta name=\"twitter:card\" content=\"summary_large_image\" \/>\n<meta name=\"twitter:label1\" content=\"Dur\u00e9e de lecture estim\u00e9e\" \/>\n\t<meta name=\"twitter:data1\" content=\"1 minute\" \/>\n<script type=\"application\/ld+json\" class=\"yoast-schema-graph\">{\"@context\":\"https:\\\/\\\/schema.org\",\"@graph\":[{\"@type\":\"WebPage\",\"@id\":\"https:\\\/\\\/dynamisbtm.com\\\/fr\\\/que-faisons-nous\\\/consultants-techniques-dans-le-design-dhotels-et-resorts\\\/\",\"url\":\"https:\\\/\\\/dynamisbtm.com\\\/fr\\\/que-faisons-nous\\\/consultants-techniques-dans-le-design-dhotels-et-resorts\\\/\",\"name\":\"Consultants Techniques Dans le Design d\u2019H\u00f4tels et Resorts - Dynamis BTM\",\"isPartOf\":{\"@id\":\"https:\\\/\\\/dynamisbtm.com\\\/#website\"},\"primaryImageOfPage\":{\"@id\":\"https:\\\/\\\/dynamisbtm.com\\\/fr\\\/que-faisons-nous\\\/consultants-techniques-dans-le-design-dhotels-et-resorts\\\/#primaryimage\"},\"image\":{\"@id\":\"https:\\\/\\\/dynamisbtm.com\\\/fr\\\/que-faisons-nous\\\/consultants-techniques-dans-le-design-dhotels-et-resorts\\\/#primaryimage\"},\"thumbnailUrl\":\"https:\\\/\\\/dynamisbtm.com\\\/wp-content\\\/uploads\\\/2020\\\/10\\\/002_ChambreZanzibar.jpg\",\"datePublished\":\"2020-10-09T07:48:56+00:00\",\"dateModified\":\"2020-12-30T00:29:06+00:00\",\"breadcrumb\":{\"@id\":\"https:\\\/\\\/dynamisbtm.com\\\/fr\\\/que-faisons-nous\\\/consultants-techniques-dans-le-design-dhotels-et-resorts\\\/#breadcrumb\"},\"inLanguage\":\"fr-FR\",\"potentialAction\":[{\"@type\":\"ReadAction\",\"target\":[\"https:\\\/\\\/dynamisbtm.com\\\/fr\\\/que-faisons-nous\\\/consultants-techniques-dans-le-design-dhotels-et-resorts\\\/\"]}]},{\"@type\":\"ImageObject\",\"inLanguage\":\"fr-FR\",\"@id\":\"https:\\\/\\\/dynamisbtm.com\\\/fr\\\/que-faisons-nous\\\/consultants-techniques-dans-le-design-dhotels-et-resorts\\\/#primaryimage\",\"url\":\"https:\\\/\\\/dynamisbtm.com\\\/wp-content\\\/uploads\\\/2020\\\/10\\\/002_ChambreZanzibar.jpg\",\"contentUrl\":\"https:\\\/\\\/dynamisbtm.com\\\/wp-content\\\/uploads\\\/2020\\\/10\\\/002_ChambreZanzibar.jpg\"},{\"@type\":\"BreadcrumbList\",\"@id\":\"https:\\\/\\\/dynamisbtm.com\\\/fr\\\/que-faisons-nous\\\/consultants-techniques-dans-le-design-dhotels-et-resorts\\\/#breadcrumb\",\"itemListElement\":[{\"@type\":\"ListItem\",\"position\":1,\"name\":\"Home\",\"item\":\"https:\\\/\\\/dynamisbtm.com\\\/fr\\\/\"},{\"@type\":\"ListItem\",\"position\":2,\"name\":\"Que Faisons-Nous?\",\"item\":\"https:\\\/\\\/dynamisbtm.com\\\/fr\\\/que-faisons-nous\\\/\"},{\"@type\":\"ListItem\",\"position\":3,\"name\":\"Consultants Techniques Dans le Design d\u2019H\u00f4tels et Resorts\"}]},{\"@type\":\"WebSite\",\"@id\":\"https:\\\/\\\/dynamisbtm.com\\\/#website\",\"url\":\"https:\\\/\\\/dynamisbtm.com\\\/\",\"name\":\"Dynamis BTM\",\"description\":\"Building Technologies Management\",\"publisher\":{\"@id\":\"https:\\\/\\\/dynamisbtm.com\\\/#organization\"},\"potentialAction\":[{\"@type\":\"SearchAction\",\"target\":{\"@type\":\"EntryPoint\",\"urlTemplate\":\"https:\\\/\\\/dynamisbtm.com\\\/?s={search_term_string}\"},\"query-input\":{\"@type\":\"PropertyValueSpecification\",\"valueRequired\":true,\"valueName\":\"search_term_string\"}}],\"inLanguage\":\"fr-FR\"},{\"@type\":\"Organization\",\"@id\":\"https:\\\/\\\/dynamisbtm.com\\\/#organization\",\"name\":\"Dynamis BTM\",\"url\":\"https:\\\/\\\/dynamisbtm.com\\\/\",\"logo\":{\"@type\":\"ImageObject\",\"inLanguage\":\"fr-FR\",\"@id\":\"https:\\\/\\\/dynamisbtm.com\\\/#\\\/schema\\\/logo\\\/image\\\/\",\"url\":\"https:\\\/\\\/dynamisbtm.com\\\/wp-content\\\/uploads\\\/2020\\\/04\\\/logo-dynamis3NB.png\",\"contentUrl\":\"https:\\\/\\\/dynamisbtm.com\\\/wp-content\\\/uploads\\\/2020\\\/04\\\/logo-dynamis3NB.png\",\"width\":294,\"height\":89,\"caption\":\"Dynamis BTM\"},\"image\":{\"@id\":\"https:\\\/\\\/dynamisbtm.com\\\/#\\\/schema\\\/logo\\\/image\\\/\"}}]}<\/script>\n<!-- \/ Yoast SEO plugin. -->","yoast_head_json":{"title":"Consultants Techniques Dans le Design d\u2019H\u00f4tels et Resorts - Dynamis BTM","robots":{"index":"index","follow":"follow","max-snippet":"max-snippet:-1","max-image-preview":"max-image-preview:large","max-video-preview":"max-video-preview:-1"},"canonical":"https:\/\/dynamisbtm.com\/fr\/que-faisons-nous\/consultants-techniques-dans-le-design-dhotels-et-resorts\/","og_locale":"fr_FR","og_type":"article","og_title":"Consultants Techniques Dans le Design d\u2019H\u00f4tels et Resorts - Dynamis BTM","og_description":"Que faisons-nous? (1) 4 missions Consultants Techniques Dans le Design d&rsquo;H\u00f4tels et Resorts Nous collaborons avec des investisseurs int\u00e9ress\u00e9s par le d\u00e9veloppement de Projets Internationaux d&rsquo;H\u00f4tels et Resorts, en les aidant \u00e0 d\u00e9finir un produit de valeur ajout\u00e9e maximale, tout en restant le plus \u00e9conomique possible. Nous offrons des consultations techniques, afin de concevoir les [&hellip;]","og_url":"https:\/\/dynamisbtm.com\/fr\/que-faisons-nous\/consultants-techniques-dans-le-design-dhotels-et-resorts\/","og_site_name":"Dynamis BTM","article_modified_time":"2020-12-30T00:29:06+00:00","og_image":[{"url":"https:\/\/dynamisbtm.com\/wp-content\/uploads\/2020\/10\/002_ChambreZanzibar.jpg","type":"","width":"","height":""}],"twitter_card":"summary_large_image","twitter_misc":{"Dur\u00e9e de lecture estim\u00e9e":"1 minute"},"schema":{"@context":"https:\/\/schema.org","@graph":[{"@type":"WebPage","@id":"https:\/\/dynamisbtm.com\/fr\/que-faisons-nous\/consultants-techniques-dans-le-design-dhotels-et-resorts\/","url":"https:\/\/dynamisbtm.com\/fr\/que-faisons-nous\/consultants-techniques-dans-le-design-dhotels-et-resorts\/","name":"Consultants Techniques Dans le Design d\u2019H\u00f4tels et Resorts - Dynamis BTM","isPartOf":{"@id":"https:\/\/dynamisbtm.com\/#website"},"primaryImageOfPage":{"@id":"https:\/\/dynamisbtm.com\/fr\/que-faisons-nous\/consultants-techniques-dans-le-design-dhotels-et-resorts\/#primaryimage"},"image":{"@id":"https:\/\/dynamisbtm.com\/fr\/que-faisons-nous\/consultants-techniques-dans-le-design-dhotels-et-resorts\/#primaryimage"},"thumbnailUrl":"https:\/\/dynamisbtm.com\/wp-content\/uploads\/2020\/10\/002_ChambreZanzibar.jpg","datePublished":"2020-10-09T07:48:56+00:00","dateModified":"2020-12-30T00:29:06+00:00","breadcrumb":{"@id":"https:\/\/dynamisbtm.com\/fr\/que-faisons-nous\/consultants-techniques-dans-le-design-dhotels-et-resorts\/#breadcrumb"},"inLanguage":"fr-FR","potentialAction":[{"@type":"ReadAction","target":["https:\/\/dynamisbtm.com\/fr\/que-faisons-nous\/consultants-techniques-dans-le-design-dhotels-et-resorts\/"]}]},{"@type":"ImageObject","inLanguage":"fr-FR","@id":"https:\/\/dynamisbtm.com\/fr\/que-faisons-nous\/consultants-techniques-dans-le-design-dhotels-et-resorts\/#primaryimage","url":"https:\/\/dynamisbtm.com\/wp-content\/uploads\/2020\/10\/002_ChambreZanzibar.jpg","contentUrl":"https:\/\/dynamisbtm.com\/wp-content\/uploads\/2020\/10\/002_ChambreZanzibar.jpg"},{"@type":"BreadcrumbList","@id":"https:\/\/dynamisbtm.com\/fr\/que-faisons-nous\/consultants-techniques-dans-le-design-dhotels-et-resorts\/#breadcrumb","itemListElement":[{"@type":"ListItem","position":1,"name":"Home","item":"https:\/\/dynamisbtm.com\/fr\/"},{"@type":"ListItem","position":2,"name":"Que Faisons-Nous?","item":"https:\/\/dynamisbtm.com\/fr\/que-faisons-nous\/"},{"@type":"ListItem","position":3,"name":"Consultants Techniques Dans le Design d\u2019H\u00f4tels et Resorts"}]},{"@type":"WebSite","@id":"https:\/\/dynamisbtm.com\/#website","url":"https:\/\/dynamisbtm.com\/","name":"Dynamis BTM","description":"Building Technologies Management","publisher":{"@id":"https:\/\/dynamisbtm.com\/#organization"},"potentialAction":[{"@type":"SearchAction","target":{"@type":"EntryPoint","urlTemplate":"https:\/\/dynamisbtm.com\/?s={search_term_string}"},"query-input":{"@type":"PropertyValueSpecification","valueRequired":true,"valueName":"search_term_string"}}],"inLanguage":"fr-FR"},{"@type":"Organization","@id":"https:\/\/dynamisbtm.com\/#organization","name":"Dynamis BTM","url":"https:\/\/dynamisbtm.com\/","logo":{"@type":"ImageObject","inLanguage":"fr-FR","@id":"https:\/\/dynamisbtm.com\/#\/schema\/logo\/image\/","url":"https:\/\/dynamisbtm.com\/wp-content\/uploads\/2020\/04\/logo-dynamis3NB.png","contentUrl":"https:\/\/dynamisbtm.com\/wp-content\/uploads\/2020\/04\/logo-dynamis3NB.png","width":294,"height":89,"caption":"Dynamis BTM"},"image":{"@id":"https:\/\/dynamisbtm.com\/#\/schema\/logo\/image\/"}}]}},"_links":{"self":[{"href":"https:\/\/dynamisbtm.com\/fr\/wp-json\/wp\/v2\/pages\/1131","targetHints":{"allow":["GET"]}}],"collection":[{"href":"https:\/\/dynamisbtm.com\/fr\/wp-json\/wp\/v2\/pages"}],"about":[{"href":"https:\/\/dynamisbtm.com\/fr\/wp-json\/wp\/v2\/types\/page"}],"author":[{"embeddable":true,"href":"https:\/\/dynamisbtm.com\/fr\/wp-json\/wp\/v2\/users\/1"}],"replies":[{"embeddable":true,"href":"https:\/\/dynamisbtm.com\/fr\/wp-json\/wp\/v2\/comments?post=1131"}],"version-history":[{"count":3,"href":"https:\/\/dynamisbtm.com\/fr\/wp-json\/wp\/v2\/pages\/1131\/revisions"}],"predecessor-version":[{"id":1220,"href":"https:\/\/dynamisbtm.com\/fr\/wp-json\/wp\/v2\/pages\/1131\/revisions\/1220"}],"up":[{"embeddable":true,"href":"https:\/\/dynamisbtm.com\/fr\/wp-json\/wp\/v2\/pages\/1087"}],"wp:attachment":[{"href":"https:\/\/dynamisbtm.com\/fr\/wp-json\/wp\/v2\/media?parent=1131"}],"curies":[{"name":"wp","href":"https:\/\/api.w.org\/{rel}","templated":true}]}}