{"id":1135,"date":"2020-10-09T09:46:16","date_gmt":"2020-10-09T07:46:16","guid":{"rendered":"https:\/\/dynamisbtm.com\/que-faisons-nous\/project-management-de-hoteles-resorts-y-hospitales\/"},"modified":"2020-12-30T01:11:35","modified_gmt":"2020-12-30T00:11:35","slug":"project-management-dhotels-resorts-et-hospitaux","status":"publish","type":"page","link":"https:\/\/dynamisbtm.com\/fr\/que-faisons-nous\/project-management-dhotels-resorts-et-hospitaux\/","title":{"rendered":"Project Management d\u2019H\u00f4tels, Resorts et H\u00f4spitaux"},"content":{"rendered":"\n\n\t<h1>\n\t\t\t\tQue faisons-nous? (2)\n\t\t\t<\/h1>\n\t\t\t<h3>4 missions<\/h3><h1>Project Management d&rsquo;H\u00f4tels, Resorts et H\u00f4spitaux<\/h1>\t\t\t\n\t\t\t\t<img decoding=\"async\" src=\"https:\/\/dynamisbtm.com\/wp-content\/uploads\/2020\/10\/023_MVC-745F.jpg\" alt=\"Reference 23 - Zanzibar\" title=\"023_MVC-745F\" itemprop=\"image\"\/>\n\t<p><strong>Nous avons<\/strong> comme objectif de prot\u00e9ger l&rsquo;investissement pr\u00e9vu par le Ma\u00eetre d&rsquo;Ouvrage avec une gestion rigoureuse et transparente en \u00e9valuant continuellement les risques potentiels et, en pr\u00e9voyant d&rsquo;\u00e9ventuelles mesures correctrices.<\/p>\n<p><strong>Nous minimisons<\/strong> les pertes dues \u00e0 des erreurs, en \u00e9vitant d&rsquo;\u00e9ventuelles lacunes dans les diff\u00e9rentes phases du projet, depuis sa conception jusqu&rsquo;\u00e0 sa mise en service.<\/p>\n<p><strong>Nous disposons<\/strong> d&rsquo;une \u00e9quipe comp\u00e9tente et exp\u00e9riment\u00e9e \u00e0 l&rsquo;international tant au niveau de la gestion int\u00e9grale de projets que de la gestion de maintenance des h\u00f4tels internationaux. Nous avons g\u00e9r\u00e9 des projets dans des pays comme le Mexique, la Tanzanie, le Cap-Vert, la Gr\u00e8ce, l&rsquo;Italie, la France, la Tunisie, Antigua, les \u00celes Maldives, la R\u00e9publique Dominicaine et l&rsquo;Espagne. Nous soulignons sp\u00e9cialement notre capacit\u00e9 d&rsquo;adaptation culturelle et linguistique (anglais, fran\u00e7ais, italien et arabe).<\/p>\n<p><strong>Fort de notre exp\u00e9rience internationale<\/strong>, nous ma\u00eetrisons le march\u00e9 des mat\u00e9riaux et services locaux, (tel que le d\u00e9douanement), ce qui nous permet de proposer \u00e0 nos clients les solutions \u00e9conomiquement les plus appropri\u00e9es.<\/p>\n<p>Approuv\u00e9s par notre exp\u00e9rience professionnelle en Libye, en Tunisie, en Tanzanie et au Cap- Vert, <strong>nous vous offrons dans la phase initiale du projet<\/strong>, toute notre connaissance, en apportant davantage de valeur, dans le but d&rsquo;aider \u00e0 \u00eatre innovateurs dans ces pays.<\/p>\n<p><strong>Nous vous offrons<\/strong> l&rsquo;assistance de nos bureaux en Praia (capitale de la R\u00e9publique du Cap-Vert) et en Tunisie, dirig\u00e9s depuis notre si\u00e8ge central \u00e0 Palma de Mallorca (Espagne).<\/p>\n\t\t\t<a href=\"https:\/\/dynamisbtm.com\/fr\/que-faisons-nous\/\" target=\"_self\" role=\"button\" rel=\"noopener\">\n\t\t\t\t\t\tBack\n\t\t\t\t\t<\/a>\n\n","protected":false},"excerpt":{"rendered":"<p>Que faisons-nous? (2) 4 missions Project Management d&rsquo;H\u00f4tels, Resorts et H\u00f4spitaux Nous avons comme objectif de prot\u00e9ger l&rsquo;investissement pr\u00e9vu par le Ma\u00eetre d&rsquo;Ouvrage avec une gestion rigoureuse et transparente en \u00e9valuant continuellement les risques potentiels et, en pr\u00e9voyant d&rsquo;\u00e9ventuelles mesures correctrices. Nous minimisons les pertes dues \u00e0 des erreurs, en \u00e9vitant d&rsquo;\u00e9ventuelles lacunes dans les [&hellip;]<\/p>\n","protected":false},"author":1,"featured_media":0,"parent":1087,"menu_order":0,"comment_status":"closed","ping_status":"closed","template":"","meta":{"site-sidebar-layout":"no-sidebar","site-content-layout":"page-builder","ast-site-content-layout":"default","site-content-style":"default","site-sidebar-style":"default","ast-global-header-display":"","ast-banner-title-visibility":"","ast-main-header-display":"","ast-hfb-above-header-display":"","ast-hfb-below-header-display":"","ast-hfb-mobile-header-display":"","site-post-title":"disabled","ast-breadcrumbs-content":"","ast-featured-img":"disabled","footer-sml-layout":"","ast-disable-related-posts":"","theme-transparent-header-meta":"enabled","adv-header-id-meta":"","stick-header-meta":"default","header-above-stick-meta":"","header-main-stick-meta":"","header-below-stick-meta":"","astra-migrate-meta-layouts":"default","ast-page-background-enabled":"default","ast-page-background-meta":{"desktop":{"background-color":"","background-image":"","background-repeat":"repeat","background-position":"center center","background-size":"auto","background-attachment":"scroll","background-type":"","background-media":"","overlay-type":"","overlay-color":"","overlay-opacity":"","overlay-gradient":""},"tablet":{"background-color":"","background-image":"","background-repeat":"repeat","background-position":"center center","background-size":"auto","background-attachment":"scroll","background-type":"","background-media":"","overlay-type":"","overlay-color":"","overlay-opacity":"","overlay-gradient":""},"mobile":{"background-color":"","background-image":"","background-repeat":"repeat","background-position":"center center","background-size":"auto","background-attachment":"scroll","background-type":"","background-media":"","overlay-type":"","overlay-color":"","overlay-opacity":"","overlay-gradient":""}},"ast-content-background-meta":{"desktop":{"background-color":"var(--ast-global-color-5)","background-image":"","background-repeat":"repeat","background-position":"center center","background-size":"auto","background-attachment":"scroll","background-type":"","background-media":"","overlay-type":"","overlay-color":"","overlay-opacity":"","overlay-gradient":""},"tablet":{"background-color":"var(--ast-global-color-5)","background-image":"","background-repeat":"repeat","background-position":"center center","background-size":"auto","background-attachment":"scroll","background-type":"","background-media":"","overlay-type":"","overlay-color":"","overlay-opacity":"","overlay-gradient":""},"mobile":{"background-color":"var(--ast-global-color-5)","background-image":"","background-repeat":"repeat","background-position":"center center","background-size":"auto","background-attachment":"scroll","background-type":"","background-media":"","overlay-type":"","overlay-color":"","overlay-opacity":"","overlay-gradient":""}},"footnotes":""},"class_list":["post-1135","page","type-page","status-publish","hentry"],"yoast_head":"<!-- This site is optimized with the Yoast SEO plugin v27.3 - https:\/\/yoast.com\/product\/yoast-seo-wordpress\/ -->\n<title>Project Management d\u2019H\u00f4tels, Resorts et H\u00f4spitaux - Dynamis BTM<\/title>\n<meta name=\"robots\" content=\"index, follow, max-snippet:-1, max-image-preview:large, max-video-preview:-1\" \/>\n<link rel=\"canonical\" href=\"https:\/\/dynamisbtm.com\/fr\/que-faisons-nous\/project-management-dhotels-resorts-et-hospitaux\/\" \/>\n<meta property=\"og:locale\" content=\"fr_FR\" \/>\n<meta property=\"og:type\" content=\"article\" \/>\n<meta property=\"og:title\" content=\"Project Management d\u2019H\u00f4tels, Resorts et H\u00f4spitaux - Dynamis BTM\" \/>\n<meta property=\"og:description\" content=\"Que faisons-nous? (2) 4 missions Project Management d&rsquo;H\u00f4tels, Resorts et H\u00f4spitaux Nous avons comme objectif de prot\u00e9ger l&rsquo;investissement pr\u00e9vu par le Ma\u00eetre d&rsquo;Ouvrage avec une gestion rigoureuse et transparente en \u00e9valuant continuellement les risques potentiels et, en pr\u00e9voyant d&rsquo;\u00e9ventuelles mesures correctrices. Nous minimisons les pertes dues \u00e0 des erreurs, en \u00e9vitant d&rsquo;\u00e9ventuelles lacunes dans les [&hellip;]\" \/>\n<meta property=\"og:url\" content=\"https:\/\/dynamisbtm.com\/fr\/que-faisons-nous\/project-management-dhotels-resorts-et-hospitaux\/\" \/>\n<meta property=\"og:site_name\" content=\"Dynamis BTM\" \/>\n<meta property=\"article:modified_time\" content=\"2020-12-30T00:11:35+00:00\" \/>\n<meta property=\"og:image\" content=\"https:\/\/dynamisbtm.com\/wp-content\/uploads\/2020\/10\/023_MVC-745F.jpg\" \/>\n<meta name=\"twitter:card\" content=\"summary_large_image\" \/>\n<meta name=\"twitter:label1\" content=\"Dur\u00e9e de lecture estim\u00e9e\" \/>\n\t<meta name=\"twitter:data1\" content=\"1 minute\" \/>\n<script type=\"application\/ld+json\" class=\"yoast-schema-graph\">{\"@context\":\"https:\\\/\\\/schema.org\",\"@graph\":[{\"@type\":\"WebPage\",\"@id\":\"https:\\\/\\\/dynamisbtm.com\\\/fr\\\/que-faisons-nous\\\/project-management-dhotels-resorts-et-hospitaux\\\/\",\"url\":\"https:\\\/\\\/dynamisbtm.com\\\/fr\\\/que-faisons-nous\\\/project-management-dhotels-resorts-et-hospitaux\\\/\",\"name\":\"Project Management d\u2019H\u00f4tels, Resorts et H\u00f4spitaux - Dynamis BTM\",\"isPartOf\":{\"@id\":\"https:\\\/\\\/dynamisbtm.com\\\/#website\"},\"primaryImageOfPage\":{\"@id\":\"https:\\\/\\\/dynamisbtm.com\\\/fr\\\/que-faisons-nous\\\/project-management-dhotels-resorts-et-hospitaux\\\/#primaryimage\"},\"image\":{\"@id\":\"https:\\\/\\\/dynamisbtm.com\\\/fr\\\/que-faisons-nous\\\/project-management-dhotels-resorts-et-hospitaux\\\/#primaryimage\"},\"thumbnailUrl\":\"https:\\\/\\\/dynamisbtm.com\\\/wp-content\\\/uploads\\\/2020\\\/10\\\/023_MVC-745F.jpg\",\"datePublished\":\"2020-10-09T07:46:16+00:00\",\"dateModified\":\"2020-12-30T00:11:35+00:00\",\"breadcrumb\":{\"@id\":\"https:\\\/\\\/dynamisbtm.com\\\/fr\\\/que-faisons-nous\\\/project-management-dhotels-resorts-et-hospitaux\\\/#breadcrumb\"},\"inLanguage\":\"fr-FR\",\"potentialAction\":[{\"@type\":\"ReadAction\",\"target\":[\"https:\\\/\\\/dynamisbtm.com\\\/fr\\\/que-faisons-nous\\\/project-management-dhotels-resorts-et-hospitaux\\\/\"]}]},{\"@type\":\"ImageObject\",\"inLanguage\":\"fr-FR\",\"@id\":\"https:\\\/\\\/dynamisbtm.com\\\/fr\\\/que-faisons-nous\\\/project-management-dhotels-resorts-et-hospitaux\\\/#primaryimage\",\"url\":\"https:\\\/\\\/dynamisbtm.com\\\/wp-content\\\/uploads\\\/2020\\\/10\\\/023_MVC-745F.jpg\",\"contentUrl\":\"https:\\\/\\\/dynamisbtm.com\\\/wp-content\\\/uploads\\\/2020\\\/10\\\/023_MVC-745F.jpg\"},{\"@type\":\"BreadcrumbList\",\"@id\":\"https:\\\/\\\/dynamisbtm.com\\\/fr\\\/que-faisons-nous\\\/project-management-dhotels-resorts-et-hospitaux\\\/#breadcrumb\",\"itemListElement\":[{\"@type\":\"ListItem\",\"position\":1,\"name\":\"Home\",\"item\":\"https:\\\/\\\/dynamisbtm.com\\\/fr\\\/\"},{\"@type\":\"ListItem\",\"position\":2,\"name\":\"Que Faisons-Nous?\",\"item\":\"https:\\\/\\\/dynamisbtm.com\\\/fr\\\/que-faisons-nous\\\/\"},{\"@type\":\"ListItem\",\"position\":3,\"name\":\"Project Management d\u2019H\u00f4tels, Resorts et H\u00f4spitaux\"}]},{\"@type\":\"WebSite\",\"@id\":\"https:\\\/\\\/dynamisbtm.com\\\/#website\",\"url\":\"https:\\\/\\\/dynamisbtm.com\\\/\",\"name\":\"Dynamis BTM\",\"description\":\"Building Technologies Management\",\"publisher\":{\"@id\":\"https:\\\/\\\/dynamisbtm.com\\\/#organization\"},\"potentialAction\":[{\"@type\":\"SearchAction\",\"target\":{\"@type\":\"EntryPoint\",\"urlTemplate\":\"https:\\\/\\\/dynamisbtm.com\\\/?s={search_term_string}\"},\"query-input\":{\"@type\":\"PropertyValueSpecification\",\"valueRequired\":true,\"valueName\":\"search_term_string\"}}],\"inLanguage\":\"fr-FR\"},{\"@type\":\"Organization\",\"@id\":\"https:\\\/\\\/dynamisbtm.com\\\/#organization\",\"name\":\"Dynamis BTM\",\"url\":\"https:\\\/\\\/dynamisbtm.com\\\/\",\"logo\":{\"@type\":\"ImageObject\",\"inLanguage\":\"fr-FR\",\"@id\":\"https:\\\/\\\/dynamisbtm.com\\\/#\\\/schema\\\/logo\\\/image\\\/\",\"url\":\"https:\\\/\\\/dynamisbtm.com\\\/wp-content\\\/uploads\\\/2020\\\/04\\\/logo-dynamis3NB.png\",\"contentUrl\":\"https:\\\/\\\/dynamisbtm.com\\\/wp-content\\\/uploads\\\/2020\\\/04\\\/logo-dynamis3NB.png\",\"width\":294,\"height\":89,\"caption\":\"Dynamis BTM\"},\"image\":{\"@id\":\"https:\\\/\\\/dynamisbtm.com\\\/#\\\/schema\\\/logo\\\/image\\\/\"}}]}<\/script>\n<!-- \/ Yoast SEO plugin. -->","yoast_head_json":{"title":"Project Management d\u2019H\u00f4tels, Resorts et H\u00f4spitaux - Dynamis BTM","robots":{"index":"index","follow":"follow","max-snippet":"max-snippet:-1","max-image-preview":"max-image-preview:large","max-video-preview":"max-video-preview:-1"},"canonical":"https:\/\/dynamisbtm.com\/fr\/que-faisons-nous\/project-management-dhotels-resorts-et-hospitaux\/","og_locale":"fr_FR","og_type":"article","og_title":"Project Management d\u2019H\u00f4tels, Resorts et H\u00f4spitaux - Dynamis BTM","og_description":"Que faisons-nous? (2) 4 missions Project Management d&rsquo;H\u00f4tels, Resorts et H\u00f4spitaux Nous avons comme objectif de prot\u00e9ger l&rsquo;investissement pr\u00e9vu par le Ma\u00eetre d&rsquo;Ouvrage avec une gestion rigoureuse et transparente en \u00e9valuant continuellement les risques potentiels et, en pr\u00e9voyant d&rsquo;\u00e9ventuelles mesures correctrices. Nous minimisons les pertes dues \u00e0 des erreurs, en \u00e9vitant d&rsquo;\u00e9ventuelles lacunes dans les [&hellip;]","og_url":"https:\/\/dynamisbtm.com\/fr\/que-faisons-nous\/project-management-dhotels-resorts-et-hospitaux\/","og_site_name":"Dynamis BTM","article_modified_time":"2020-12-30T00:11:35+00:00","og_image":[{"url":"https:\/\/dynamisbtm.com\/wp-content\/uploads\/2020\/10\/023_MVC-745F.jpg","type":"","width":"","height":""}],"twitter_card":"summary_large_image","twitter_misc":{"Dur\u00e9e de lecture estim\u00e9e":"1 minute"},"schema":{"@context":"https:\/\/schema.org","@graph":[{"@type":"WebPage","@id":"https:\/\/dynamisbtm.com\/fr\/que-faisons-nous\/project-management-dhotels-resorts-et-hospitaux\/","url":"https:\/\/dynamisbtm.com\/fr\/que-faisons-nous\/project-management-dhotels-resorts-et-hospitaux\/","name":"Project Management d\u2019H\u00f4tels, Resorts et H\u00f4spitaux - Dynamis BTM","isPartOf":{"@id":"https:\/\/dynamisbtm.com\/#website"},"primaryImageOfPage":{"@id":"https:\/\/dynamisbtm.com\/fr\/que-faisons-nous\/project-management-dhotels-resorts-et-hospitaux\/#primaryimage"},"image":{"@id":"https:\/\/dynamisbtm.com\/fr\/que-faisons-nous\/project-management-dhotels-resorts-et-hospitaux\/#primaryimage"},"thumbnailUrl":"https:\/\/dynamisbtm.com\/wp-content\/uploads\/2020\/10\/023_MVC-745F.jpg","datePublished":"2020-10-09T07:46:16+00:00","dateModified":"2020-12-30T00:11:35+00:00","breadcrumb":{"@id":"https:\/\/dynamisbtm.com\/fr\/que-faisons-nous\/project-management-dhotels-resorts-et-hospitaux\/#breadcrumb"},"inLanguage":"fr-FR","potentialAction":[{"@type":"ReadAction","target":["https:\/\/dynamisbtm.com\/fr\/que-faisons-nous\/project-management-dhotels-resorts-et-hospitaux\/"]}]},{"@type":"ImageObject","inLanguage":"fr-FR","@id":"https:\/\/dynamisbtm.com\/fr\/que-faisons-nous\/project-management-dhotels-resorts-et-hospitaux\/#primaryimage","url":"https:\/\/dynamisbtm.com\/wp-content\/uploads\/2020\/10\/023_MVC-745F.jpg","contentUrl":"https:\/\/dynamisbtm.com\/wp-content\/uploads\/2020\/10\/023_MVC-745F.jpg"},{"@type":"BreadcrumbList","@id":"https:\/\/dynamisbtm.com\/fr\/que-faisons-nous\/project-management-dhotels-resorts-et-hospitaux\/#breadcrumb","itemListElement":[{"@type":"ListItem","position":1,"name":"Home","item":"https:\/\/dynamisbtm.com\/fr\/"},{"@type":"ListItem","position":2,"name":"Que Faisons-Nous?","item":"https:\/\/dynamisbtm.com\/fr\/que-faisons-nous\/"},{"@type":"ListItem","position":3,"name":"Project Management d\u2019H\u00f4tels, Resorts et H\u00f4spitaux"}]},{"@type":"WebSite","@id":"https:\/\/dynamisbtm.com\/#website","url":"https:\/\/dynamisbtm.com\/","name":"Dynamis BTM","description":"Building Technologies Management","publisher":{"@id":"https:\/\/dynamisbtm.com\/#organization"},"potentialAction":[{"@type":"SearchAction","target":{"@type":"EntryPoint","urlTemplate":"https:\/\/dynamisbtm.com\/?s={search_term_string}"},"query-input":{"@type":"PropertyValueSpecification","valueRequired":true,"valueName":"search_term_string"}}],"inLanguage":"fr-FR"},{"@type":"Organization","@id":"https:\/\/dynamisbtm.com\/#organization","name":"Dynamis BTM","url":"https:\/\/dynamisbtm.com\/","logo":{"@type":"ImageObject","inLanguage":"fr-FR","@id":"https:\/\/dynamisbtm.com\/#\/schema\/logo\/image\/","url":"https:\/\/dynamisbtm.com\/wp-content\/uploads\/2020\/04\/logo-dynamis3NB.png","contentUrl":"https:\/\/dynamisbtm.com\/wp-content\/uploads\/2020\/04\/logo-dynamis3NB.png","width":294,"height":89,"caption":"Dynamis BTM"},"image":{"@id":"https:\/\/dynamisbtm.com\/#\/schema\/logo\/image\/"}}]}},"_links":{"self":[{"href":"https:\/\/dynamisbtm.com\/fr\/wp-json\/wp\/v2\/pages\/1135","targetHints":{"allow":["GET"]}}],"collection":[{"href":"https:\/\/dynamisbtm.com\/fr\/wp-json\/wp\/v2\/pages"}],"about":[{"href":"https:\/\/dynamisbtm.com\/fr\/wp-json\/wp\/v2\/types\/page"}],"author":[{"embeddable":true,"href":"https:\/\/dynamisbtm.com\/fr\/wp-json\/wp\/v2\/users\/1"}],"replies":[{"embeddable":true,"href":"https:\/\/dynamisbtm.com\/fr\/wp-json\/wp\/v2\/comments?post=1135"}],"version-history":[{"count":4,"href":"https:\/\/dynamisbtm.com\/fr\/wp-json\/wp\/v2\/pages\/1135\/revisions"}],"predecessor-version":[{"id":1200,"href":"https:\/\/dynamisbtm.com\/fr\/wp-json\/wp\/v2\/pages\/1135\/revisions\/1200"}],"up":[{"embeddable":true,"href":"https:\/\/dynamisbtm.com\/fr\/wp-json\/wp\/v2\/pages\/1087"}],"wp:attachment":[{"href":"https:\/\/dynamisbtm.com\/fr\/wp-json\/wp\/v2\/media?parent=1135"}],"curies":[{"name":"wp","href":"https:\/\/api.w.org\/{rel}","templated":true}]}}